{"id":5260,"date":"2023-07-07T07:56:01","date_gmt":"2023-07-07T07:56:01","guid":{"rendered":"https:\/\/www.vidaldental.es\/?page_id=5260"},"modified":"2023-07-07T08:10:06","modified_gmt":"2023-07-07T08:10:06","slug":"politica-compras-y-envios","status":"publish","type":"page","link":"https:\/\/www.vidaldental.es\/?page_id=5260","title":{"rendered":"Pol\u00edtica de compras y env\u00edos"},"content":{"rendered":"<p><html><\/p>\n<p><head><br \/>\n<meta http-equiv=Content-Type content=\"text\/html; charset=windows-1252\"><br \/>\n<meta name=Generator content=\"Microsoft Word 15 (filtered)\"><\/p>\n<style>\n<!--\n \/* Font Definitions *\/\n @font-face\n\t{font-family:Wingdings;\n\tpanose-1:5 0 0 0 0 0 0 0 0 0;}\n@font-face\n\t{font-family:\"Cambria Math\";\n\tpanose-1:2 4 5 3 5 4 6 3 2 4;}\n@font-face\n\t{font-family:Calibri;\n\tpanose-1:2 15 5 2 2 2 4 3 2 4;}\n \/* Style Definitions *\/\n p.MsoNormal, li.MsoNormal, div.MsoNormal\n\t{margin-top:0cm;\n\tmargin-right:0cm;\n\tmargin-bottom:8.0pt;\n\tmargin-left:0cm;\n\tline-height:107%;\n\tfont-size:11.0pt;\n\tfont-family:\"Calibri\",sans-serif;}\np\n\t{margin-right:0cm;\n\tmargin-left:0cm;\n\tfont-size:12.0pt;\n\tfont-family:\"Times New Roman\",serif;}\n.MsoChpDefault\n\t{font-family:\"Calibri\",sans-serif;}\n.MsoPapDefault\n\t{margin-bottom:8.0pt;\n\tline-height:107%;}\n@page WordSection1\n\t{size:595.3pt 841.9pt;\n\tmargin:70.85pt 3.0cm 70.85pt 3.0cm;}\ndiv.WordSection1\n\t{page:WordSection1;}\n \/* List Definitions *\/\n ol\n\t{margin-bottom:0cm;}\nul\n\t{margin-bottom:0cm;}\n-->\n<\/style>\n<p><\/head><br \/>\n<body lang=ES link=blue vlink=\"#954F72\" style='word-wrap:break-word'><\/p>\n<div class=WordSection1>\n<p class=MsoNormal><b><u>POL\u00cdTICA DE COMPRAS Y ENV\u00cdO<\/u><\/b><\/p>\n<p style='margin-top:0cm;margin-right:0cm;margin-bottom:15.0pt;margin-left:\n0cm;background:white'><strong><span style='font-size:11.0pt;font-family:\"Calibri\",sans-serif;\ncolor:black'>Informaci\u00f3n legal<\/span><\/strong><\/p>\n<p style='margin-top:0cm;margin-right:0cm;margin-bottom:6.0pt;margin-left:0cm;\nbackground:white'><span style='font-size:11.0pt;font-family:\"Calibri\",sans-serif;\ncolor:black'>Responsable: DIEGO RODRIGUEZ GAYO<\/span><\/p>\n<p style='margin-top:0cm;margin-right:0cm;margin-bottom:6.0pt;margin-left:0cm;\nbackground:white'><span style='font-size:11.0pt;font-family:\"Calibri\",sans-serif;\ncolor:black'>CIF\/NIF: 09439932 L<\/span><\/p>\n<p style='margin-top:0cm;margin-right:0cm;margin-bottom:6.0pt;margin-left:0cm;\nbackground:white'><span style='font-size:11.0pt;font-family:\"Calibri\",sans-serif;\ncolor:black'>Direcci\u00f3n: Rector Leopoldo Alas (Hijo) 9 bajo, 33012 Oviedo<br \/>\n(Asturias)<\/span><\/p>\n<p style='margin-top:0cm;margin-right:0cm;margin-bottom:6.0pt;margin-left:0cm;\nbackground:white'><span style='font-size:11.0pt;font-family:\"Calibri\",sans-serif;\ncolor:black'>Email: contacto@vidaldental.es<\/span><\/p>\n<p style='margin-top:0cm;margin-right:0cm;margin-bottom:6.0pt;margin-left:0cm;\nbackground:white'><span style='font-size:11.0pt;font-family:\"Calibri\",sans-serif;\ncolor:black'>URL: https:\/\/vidaldental.es\/<\/span><\/p>\n<p style='margin-top:0cm;margin-right:0cm;margin-bottom:15.0pt;margin-left:\n0cm;background:white'><span style='font-size:11.0pt;font-family:\"Calibri\",sans-serif;\ncolor:black'>Las presentes Condiciones Generales ser\u00e1n de aplicaci\u00f3n a todas las compras de los productos ofrecidos a trav\u00e9s de la p\u00e1gina web&nbsp;https:\/\/www.vidaldental.es&nbsp;(en adelante \u201cProductos\u201d), y junto con la oferta, el precio y la descripci\u00f3n de los mismos fijados a trav\u00e9s de dicha p\u00e1gina web, y, en su caso, las condiciones particulares de los mismos recogidas en el presente documento (condiciones particulares), regir\u00e1n la relaci\u00f3n jur\u00eddica entre el cliente y DIEGO RODRIGUEZ GAYO (con nombre comercial y en adelante, VIDAL DENTAL)<\/span><\/p>\n<p style='margin-top:0cm;margin-right:0cm;margin-bottom:15.0pt;margin-left:\n0cm;background:white'><span style='font-size:11.0pt;font-family:\"Calibri\",sans-serif;\ncolor:black'>Las CGC se complementan con el Aviso Legal y la Pol\u00edtica de Privacidad, que deber\u00e1n ser aceptadas \u00edntegramente por los Usuarios del Sitio Web con car\u00e1cter previo a la realizaci\u00f3n de la compra y, una vez aceptadas, se entender\u00e1n incluidas en las CGC a los efectos legales oportunos.<\/span><\/p>\n<p style='margin-top:0cm;margin-right:0cm;margin-bottom:15.0pt;margin-left:\n0cm;background:white'><span style='font-size:11.0pt;font-family:\"Calibri\",sans-serif;\ncolor:black'>Al comprar en la Web, autom\u00e1ticamente acepta estas condiciones. Por favor, l\u00e9alas con atenci\u00f3n.<\/span><\/p>\n<p style='margin-top:0cm;margin-right:0cm;margin-bottom:15.0pt;margin-left:\n0cm;background:white'><span style='font-size:11.0pt;font-family:\"Calibri\",sans-serif;\ncolor:black'>La adquisici\u00f3n de cualquiera de los servicios\/productos conlleva la aceptaci\u00f3n plena y sin reservas de todas y cada una de estas condiciones generales, sin perjuicio de la aceptaci\u00f3n de las condiciones particulares que pudieran ser de aplicaci\u00f3n al adquirir determinados servicios\/productos.<\/span><\/p>\n<p style='margin-top:0cm;margin-right:0cm;margin-bottom:15.0pt;margin-left:\n0cm;background:white'><span style='font-size:11.0pt;font-family:\"Calibri\",sans-serif;\ncolor:black'>VIDAL DENTAL est\u00e1 facultada para modificar unilateralmente todas y cada una de las obligaciones dispuestas en las presentes condiciones, sin necesidad de previo aviso, con la salvedad de que esta facultad de modificaci\u00f3n no puede afectar a los contratos que se encuentren en vigor en dicho momento.<\/span><\/p>\n<p style='margin-top:0cm;margin-right:0cm;margin-bottom:15.0pt;margin-left:\n0cm;background:white'><span style='font-size:11.0pt;font-family:\"Calibri\",sans-serif;\ncolor:black'>Los Productos ofertados en la Tienda Online van dirigidos, \u00fanica y exclusivamente, a personas f\u00edsicas, mayores de edad, y a personas jur\u00eddicas, consideradas como \u201cconsumidores\u201d o \u201cusuarios\u201d en la legislaci\u00f3n vigente que sea de aplicaci\u00f3n.<\/span><\/p>\n<p style='margin-top:0cm;margin-right:0cm;margin-bottom:15.0pt;margin-left:\n0cm;background:white'><span style='font-size:11.0pt;font-family:\"Calibri\",sans-serif;\ncolor:black'>La Web no exige la previa suscripci\u00f3n para la simple navegaci\u00f3n, acceso o utilizaci\u00f3n del servicio en cuesti\u00f3n.<\/span><\/p>\n<p style='margin-top:0cm;margin-right:0cm;margin-bottom:15.0pt;margin-left:\n0cm;background:white'><span style='font-size:11.0pt;font-family:\"Calibri\",sans-serif;\ncolor:black'>El per\u00edodo de validez de las presentes Condiciones Generales de Reserva ser\u00e1 el tiempo que permanezcan publicadas en la web, y har\u00e1n referencia a los Productos en el momento en que dichas condiciones estuvieran disponibles. \/span><\/p>\n<p style='margin-top:0cm;margin-right:0cm;margin-bottom:15.0pt;margin-left:\n0cm;background:white'><strong><span style='font-size:11.0pt;font-family:\"Calibri\",sans-serif;\ncolor:black'>\u00c1mbito del Servicio<\/span><\/strong><\/p>\n<p style='margin-top:0cm;margin-right:0cm;margin-bottom:15.0pt;margin-left:\n0cm;background:white'><span style='font-size:11.0pt;font-family:\"Calibri\",sans-serif;\ncolor:black'>A trav\u00e9s de la p\u00e1gina web indicada, VIDAL DENTAL proporciona una plataforma en l\u00ednea a trav\u00e9s de la cual el CLIENTE puede realizar sus pedidos, de entre la amplia gama de productos, para su posterior env\u00edo<s>.<\/s><\/span><\/p>\n<p style='margin-top:0cm;margin-right:0cm;margin-bottom:15.0pt;margin-left:\n0cm;background:white'><span style='font-size:11.0pt;font-family:\"Calibri\",sans-serif;\ncolor:black'>Al llevar a cabo una compra, el CLIENTE establece una relaci\u00f3n contractual directa (legalmente vinculante) con VIDAL DENTAL.<\/span><\/p>\n<p style='margin-top:0cm;margin-right:0cm;margin-bottom:15.0pt;margin-left:\n0cm;background:white'><strong><span style='font-size:11.0pt;font-family:\"Calibri\",sans-serif;\ncolor:black'>Productos<\/span><\/strong><\/p>\n<p style='margin-top:0cm;margin-right:0cm;margin-bottom:15.0pt;margin-left:\n0cm;background:white'><span style='font-size:11.0pt;font-family:\"Calibri\",sans-serif;\ncolor:black'>Toda la informaci\u00f3n de los Productos ofrecidos por VIDAL DENTAL, a modo ejemplificativo, pero no limitativo, precios, caracter\u00edsticas, descripci\u00f3n, tama\u00f1o, contenido, etc., est\u00e1n a disposici\u00f3n del CLIENTE en la p\u00e1gina web, y aparecer\u00e1n en pantalla en cada caso.<\/span><\/p>\n<p style='margin-top:0cm;margin-right:0cm;margin-bottom:15.0pt;margin-left:\n0cm;background:white'><span style='font-size:11.0pt;font-family:\"Calibri\",sans-serif;\ncolor:black'>Intentamos que las descripciones de los productos que el CLIENTE podr\u00e1 visualizar junto a cada uno de ellos sean lo m\u00e1s exacta y \u00fatil posible. No obstante, los colores que el CLIENTE visualice en su pantalla pueden variar respecto del color original del producto.<\/span><\/p>\n<p style='margin-top:0cm;margin-right:0cm;margin-bottom:15.0pt;margin-left:\n0cm;background:white'><span style='font-size:11.0pt;font-family:\"Calibri\",sans-serif;\ncolor:black'>Las fotograf\u00edas y los datos incluidos en cada ficha de producto tienen una funci\u00f3n meramente informativa, por tanto, VIDAL DENTAL declina cualquier responsabilidad por la aparici\u00f3n de errores en dicha informaci\u00f3n.<\/span><\/p>\n<p style='margin-top:0cm;margin-right:0cm;margin-bottom:15.0pt;margin-left:\n0cm;background:white'><strong><span style='font-size:11.0pt;font-family:\"Calibri\",sans-serif;\ncolor:black'>Precios<\/span><\/strong><\/p>\n<p style='margin-top:0cm;margin-right:0cm;margin-bottom:15.0pt;margin-left:\n0cm;background:white'><span style='font-size:11.0pt;font-family:\"Calibri\",sans-serif;\ncolor:black'>Las caracter\u00edsticas y los precios de los Productos, son indicados en pantalla en euros &nbsp;y no &nbsp;incluyen el IVA o cualquier otro impuesto que fuera de aplicaci\u00f3n. Los impuestos correspondientes aparecer\u00e1n en el momento en el que se finalice el pedido.<\/span><\/p>\n<p class=MsoNormal>&nbsp;<\/p>\n<p class=MsoNormal><b><u>POL\u00cdTICA DE DEVOLUCIONES<\/u><\/b><\/p>\n<p class=MsoNormal style='margin-bottom:15.0pt;line-height:normal;background:\nwhite'><span style='color:black'>En caso de que el CLIENTE tras la recepci\u00f3n del Producto no quede satisfecho, tendr\u00e1 el plazo de 15 d\u00edas naturales desde la fecha de recepci\u00f3n del pedido para ejecutar el derecho de desistimiento, devoluci\u00f3n o cambio, salvo los productos marcados en la web bajo pedido o que no admite devoluci\u00f3n o cancelaci\u00f3n al tratarse de productos especiales.<\/span><\/p>\n<p class=MsoNormal style='margin-bottom:15.0pt;line-height:normal;background:\nwhite'><span style='color:black'>Para ejercitar el derecho de desistimiento, devoluci\u00f3n o el cambio del producto adquirido, deber\u00e1n cumplirse las siguientes condiciones:<\/span><\/p>\n<ul type=disc>\n<li class=MsoNormal style='line-height:normal;background:white'><span\n     style='color:black'>El producto&nbsp;debe estar en perfecto estado y con su envoltorio original. Asimismo, no debe haberse abierto,&nbsp;desprecintado o utilizado.<\/span><\/li>\n<li class=MsoNormal style='line-height:normal;background:white'><span\n     style='color:black'>Debe ser devuelto en las mismas condiciones en las que fue recibido&nbsp;con su&nbsp;embalaje original intacto.<\/span><\/li>\n<\/ul>\n<p class=MsoNormal style='text-align:justify;line-height:17.25pt;background:\nwhite'><span style='color:black'>Los gastos de devoluci\u00f3n correr\u00e1n a cargo de VIDAL DENTAL en los casos de equivocaci\u00f3n en el env\u00edo del producto, da\u00f1os o similares, de otro modo, ser\u00e1 el cliente quien asumir\u00e1 los gastos de env\u00edo de dicha devoluci\u00f3n.<\/span><\/p>\n<p class=MsoNormal style='text-align:justify;line-height:17.25pt;background:\nwhite'><span style='color:black'>Por favor, p\u00f3ngase en contacto con nosotros antes de proceder a la devoluci\u00f3n de la mercanc\u00eda.<\/span><\/p>\n<p style='margin-top:0cm;margin-right:0cm;margin-bottom:15.0pt;margin-left:\n0cm;background:white'><b><span style='font-size:11.0pt;font-family:\"Calibri\",sans-serif;\ncolor:black'>Exclusi\u00f3n de garant\u00edas y de responsabilidad<\/span><\/b><\/p>\n<p style='margin-top:0cm;margin-right:0cm;margin-bottom:15.0pt;margin-left:\n0cm;background:white'><span style='font-size:11.0pt;font-family:\"Calibri\",sans-serif;\ncolor:black'>VIDAL DENTAL no ser\u00e1 responsable de los retrasos o fallos que se produjeran en el acceso, funcionamiento y operatividad de la web, o en sus Productos, as\u00ed como tampoco de las interrupciones, suspensiones o el mal funcionamiento del mismo por causas ajenas a VIDAL DENTAL o cuando tuvieren su origen en aver\u00edas producidas por cat\u00e1strofes naturales o situaciones de fuerza mayor, o de urgencia extrema, tales como huelgas, pandemias, ataques o intrusiones inform\u00e1ticas (Virus inform\u00e1ticos que afecten a los dispositivos de los usuarios) o cualquier otra situaci\u00f3n de fuerza mayor o causa fortuita.<\/span><\/p>\n<p style='margin-top:0cm;margin-right:0cm;margin-bottom:15.0pt;margin-left:\n0cm;background:white'><span style='font-size:11.0pt;font-family:\"Calibri\",sans-serif;\ncolor:black'>VIDAL DENTAL se reserva el derecho a interrumpir el acceso a su p\u00e1gina web, as\u00ed como la prestaci\u00f3n de cualquiera o de todos los contenidos que se prestan a trav\u00e9s de las mismas en cualquier momento y sin previo aviso, ya sea por motivos t\u00e9cnicos, de seguridad, de control, de mantenimiento o por cualquier tipo de fallo en redes de telecomunicaciones o de suministro el\u00e9ctrico.<\/span><\/p>\n<p style='margin-top:0cm;margin-right:0cm;margin-bottom:15.0pt;margin-left:\n0cm;background:white'><span style='font-size:11.0pt;font-family:\"Calibri\",sans-serif;\ncolor:black'>VIDAL DENTAL no ser\u00e1 responsable en caso de fallos en el servicio, mal funcionamiento o cualquier otra causa que no tenga control directo sobre ellos o que tenga su origen en actuaciones dolosas o culposas del usuario o por causas de fuerza mayor o atribuibles a terceros.<\/span><\/p>\n<p style='margin-top:0cm;margin-right:0cm;margin-bottom:15.0pt;margin-left:\n0cm;background:white'><span style='font-size:11.0pt;font-family:\"Calibri\",sans-serif;\ncolor:black'>VIDAL DENTAL no tiene responsabilidad alguna sobre informaciones, datos, im\u00e1genes de cualquier tipo y enlaces publicados en su web procedentes de terceros no asumiendo garant\u00eda alguna sobre la veracidad y exactitud de las<br \/>\ninformaciones que se pongan a disposici\u00f3n de los usuarios o que sean facilitados por los propios usuarios.<\/span><\/p>\n<p style='margin-top:0cm;margin-right:0cm;margin-bottom:15.0pt;margin-left:\n0cm;background:white'><span style='font-size:11.0pt;font-family:\"Calibri\",sans-serif;\ncolor:black'>Igualmente no asumir\u00e1 responsabilidad alguna ya sea por da\u00f1os directos o indirectos, da\u00f1o emergente y\/o lucro cesante.<\/span><\/p>\n<p style='margin-top:0cm;margin-right:0cm;margin-bottom:15.0pt;margin-left:\n0cm;background:white'><span style='font-size:11.0pt;font-family:\"Calibri\",sans-serif;\ncolor:black'>El CLIENTE mantendr\u00e1 indemne a VIDAL DENTAL de cualquier responsabilidad que pudiera derivarse de las reclamaciones de terceros acerca de la infracci\u00f3n de derechos que puedan resultar de su actuaci\u00f3n.<\/span><\/p>\n<\/div>\n<p><\/body><\/p>\n<p><\/html><\/p>\n<div class=\"pvc_clear\"><\/div>\n<p id=\"pvc_stats_5260\" class=\"pvc_stats all  \" data-element-id=\"5260\" style=\"\"><i class=\"pvc-stats-icon medium\" aria-hidden=\"true\"><svg aria-hidden=\"true\" focusable=\"false\" data-prefix=\"far\" data-icon=\"chart-bar\" role=\"img\" xmlns=\"http:\/\/www.w3.org\/2000\/svg\" viewBox=\"0 0 512 512\" class=\"svg-inline--fa fa-chart-bar fa-w-16 fa-2x\"><path fill=\"currentColor\" d=\"M396.8 352h22.4c6.4 0 12.8-6.4 12.8-12.8V108.8c0-6.4-6.4-12.8-12.8-12.8h-22.4c-6.4 0-12.8 6.4-12.8 12.8v230.4c0 6.4 6.4 12.8 12.8 12.8zm-192 0h22.4c6.4 0 12.8-6.4 12.8-12.8V140.8c0-6.4-6.4-12.8-12.8-12.8h-22.4c-6.4 0-12.8 6.4-12.8 12.8v198.4c0 6.4 6.4 12.8 12.8 12.8zm96 0h22.4c6.4 0 12.8-6.4 12.8-12.8V204.8c0-6.4-6.4-12.8-12.8-12.8h-22.4c-6.4 0-12.8 6.4-12.8 12.8v134.4c0 6.4 6.4 12.8 12.8 12.8zM496 400H48V80c0-8.84-7.16-16-16-16H16C7.16 64 0 71.16 0 80v336c0 17.67 14.33 32 32 32h464c8.84 0 16-7.16 16-16v-16c0-8.84-7.16-16-16-16zm-387.2-48h22.4c6.4 0 12.8-6.4 12.8-12.8v-70.4c0-6.4-6.4-12.8-12.8-12.8h-22.4c-6.4 0-12.8 6.4-12.8 12.8v70.4c0 6.4 6.4 12.8 12.8 12.8z\" class=\"\"><\/path><\/svg><\/i> <img decoding=\"async\" loading=\"lazy\" width=\"16\" height=\"16\" alt=\"Loading\" src=\"https:\/\/www.vidaldental.es\/wp-content\/plugins\/page-views-count\/ajax-loader-2x.gif\" border=0 \/><\/p>\n<div class=\"pvc_clear\"><\/div>\n","protected":false},"excerpt":{"rendered":"<p>POL\u00cdTICA DE COMPRAS Y ENV\u00cdO Informaci\u00f3n legal Responsable: DIEGO RODRIGUEZ GAYO CIF\/NIF: 09439932 L Direcci\u00f3n: Rector Leopoldo Alas (Hijo) 9 bajo, 33012 Oviedo (Asturias) Email: contacto@vidaldental.es URL: https:\/\/vidaldental.es\/ Las presentes Condiciones Generales ser\u00e1n de aplicaci\u00f3n a todas las compras de los productos ofrecidos a trav\u00e9s de la p\u00e1gina web&nbsp;https:\/\/www.vidaldental.es&nbsp;(en adelante \u201cProductos\u201d), y junto con la &#8230; <a title=\"Pol\u00edtica de compras y env\u00edos\" class=\"read-more\" href=\"https:\/\/www.vidaldental.es\/?page_id=5260\" aria-label=\"M\u00e1s en Pol\u00edtica de compras y env\u00edos\">Leer m\u00e1s<\/a><\/p>\n<div class=\"pvc_clear\"><\/div>\n<p id=\"pvc_stats_5260\" class=\"pvc_stats all  \" data-element-id=\"5260\" style=\"\"><i class=\"pvc-stats-icon medium\" aria-hidden=\"true\"><svg aria-hidden=\"true\" focusable=\"false\" data-prefix=\"far\" data-icon=\"chart-bar\" role=\"img\" xmlns=\"http:\/\/www.w3.org\/2000\/svg\" viewBox=\"0 0 512 512\" class=\"svg-inline--fa fa-chart-bar fa-w-16 fa-2x\"><path fill=\"currentColor\" d=\"M396.8 352h22.4c6.4 0 12.8-6.4 12.8-12.8V108.8c0-6.4-6.4-12.8-12.8-12.8h-22.4c-6.4 0-12.8 6.4-12.8 12.8v230.4c0 6.4 6.4 12.8 12.8 12.8zm-192 0h22.4c6.4 0 12.8-6.4 12.8-12.8V140.8c0-6.4-6.4-12.8-12.8-12.8h-22.4c-6.4 0-12.8 6.4-12.8 12.8v198.4c0 6.4 6.4 12.8 12.8 12.8zm96 0h22.4c6.4 0 12.8-6.4 12.8-12.8V204.8c0-6.4-6.4-12.8-12.8-12.8h-22.4c-6.4 0-12.8 6.4-12.8 12.8v134.4c0 6.4 6.4 12.8 12.8 12.8zM496 400H48V80c0-8.84-7.16-16-16-16H16C7.16 64 0 71.16 0 80v336c0 17.67 14.33 32 32 32h464c8.84 0 16-7.16 16-16v-16c0-8.84-7.16-16-16-16zm-387.2-48h22.4c6.4 0 12.8-6.4 12.8-12.8v-70.4c0-6.4-6.4-12.8-12.8-12.8h-22.4c-6.4 0-12.8 6.4-12.8 12.8v70.4c0 6.4 6.4 12.8 12.8 12.8z\" class=\"\"><\/path><\/svg><\/i> <img decoding=\"async\" loading=\"lazy\" width=\"16\" height=\"16\" alt=\"Loading\" src=\"https:\/\/www.vidaldental.es\/wp-content\/plugins\/page-views-count\/ajax-loader-2x.gif\" border=0 \/><\/p>\n<div class=\"pvc_clear\"><\/div>\n","protected":false},"author":1,"featured_media":0,"parent":0,"menu_order":0,"comment_status":"closed","ping_status":"closed","template":"","meta":[],"_links":{"self":[{"href":"https:\/\/www.vidaldental.es\/index.php?rest_route=\/wp\/v2\/pages\/5260"}],"collection":[{"href":"https:\/\/www.vidaldental.es\/index.php?rest_route=\/wp\/v2\/pages"}],"about":[{"href":"https:\/\/www.vidaldental.es\/index.php?rest_route=\/wp\/v2\/types\/page"}],"author":[{"embeddable":true,"href":"https:\/\/www.vidaldental.es\/index.php?rest_route=\/wp\/v2\/users\/1"}],"replies":[{"embeddable":true,"href":"https:\/\/www.vidaldental.es\/index.php?rest_route=%2Fwp%2Fv2%2Fcomments&post=5260"}],"version-history":[{"count":7,"href":"https:\/\/www.vidaldental.es\/index.php?rest_route=\/wp\/v2\/pages\/5260\/revisions"}],"predecessor-version":[{"id":5268,"href":"https:\/\/www.vidaldental.es\/index.php?rest_route=\/wp\/v2\/pages\/5260\/revisions\/5268"}],"wp:attachment":[{"href":"https:\/\/www.vidaldental.es\/index.php?rest_route=%2Fwp%2Fv2%2Fmedia&parent=5260"}],"curies":[{"name":"wp","href":"https:\/\/api.w.org\/{rel}","templated":true}]}}