{"id":1984,"date":"2019-10-14T18:34:34","date_gmt":"2019-10-14T18:34:34","guid":{"rendered":"https:\/\/www.vidaldental.es\/?post_type=product&#038;p=1984"},"modified":"2023-02-28T14:55:42","modified_gmt":"2023-02-28T14:55:42","slug":"turbina-mastertorque-m9000l","status":"publish","type":"product","link":"https:\/\/www.vidaldental.es\/?product=turbina-mastertorque-m9000l","title":{"rendered":"Turbina KAVO MASTERtorque M9000L Ref.1.008.7900"},"content":{"rendered":"<div class=\"field field-name-body field-type-text-with-summary field-label-hidden\">\n<div class=\"field-items\">\n<h3>KaVo MASTERtorque &#8211; Muy potente. Muy silenciosa. Trabajar c\u00f3modamente<\/h3>\n<\/div>\n<ul>\n<li><strong>DST, Direct Stop Technology:<\/strong> La fresa se detiene en un segundo. La innovadora Direct Stop Technology detiene la fresa dental en un segundo de media y garantiza, de esta forma, m\u00e1s seguridad durante el tratamiento gracias al sistema de frenado activo.<\/li>\n<li><strong>Direct Stop Technology:\u00a0<\/strong>Stop de retrosucci\u00f3n. Cabeza m\u00e1s limpia. La parada autom\u00e1tica de retrosucci\u00f3n gracias al dise\u00f1o exclusivo KaVo y la Direct Stop Technology evitan de forma eficaz la entrada de suciedad y otras particulas en el interior de la caja de la cabeza.<\/li>\n<li><strong>Potencia: <\/strong>Rendimiento m\u00e1ximo de 23 vatios mastertorque-watt-klein-es Kavo. Gracias a la optimizaci\u00f3n de todos los componentes y materiales ha podido incrementarse la potencia de la KaVo MASTERtorque a 23 W.<\/li>\n<li><strong>Silenciosa: <\/strong>Turbina KaVo MASTERtorque con Silence Technology. Soluciones de m\u00e1xima innvaci\u00f3n en la tecnolog\u00eda de rodamiento y equilibrado, para neutralizar los molestos picos de frecuencia, reducci\u00f3n notoria de la presi\u00f3n acustica 57 dB<\/li>\n<li><strong>Tama\u00f1o de la cabeza: <\/strong>Precisi\u00f3n mediante libertad de movimiento. La peque\u00f1a caja de la cabeza de la MASTERtorque es junto con su combinaci\u00f3n angular y potencia una garant\u00eda de trabajos de preparaci\u00f3n precisos. Con su altura con fresa de 19 mm. la nueva MASTERtorque alcanza un altura total de 20 mm, sentando nuevos est\u00e1ndares para libertad de movimiento y visibilidad.<\/li>\n<li><strong>Espacio libre: <\/strong>La geometr\u00eda completa con \u00e1ngulo de cabeza de 100\u00ba y \u00e1ngulo de brazo de 19\u00ba garantizan una accesibilidad perfecta a la zona de preparaci\u00f3n.<\/li>\n<li><strong>Visibilidad \u00f3ptima:\u00a0<\/strong>Perfecta visibilidad de las zonas de preparaci\u00f3n en modo de pulverizaci\u00f3n, la salida de luz y de spray est\u00e1n dispuestas en la turbina dental MASTERtorque de forma intercalada.<\/li>\n<li><strong>Agarre:\u00a0<\/strong>Agarre perfecto gracias al revestimiento Plasmatec de KaVo. La superficie es el doble de resistente que el acero inoxidable y garantiza una larga durabilidad y mantenimiento del valor.<\/li>\n<li><strong>Microfiltro:<\/strong> Absolutamente fiable. El microfiltro intercambiable en el canal de agua de pulverizaci\u00f3n garantiza permanentemente una refrigeraci\u00f3n de la pulverizaci\u00f3n efectiva\u00a0 y sin interrupciones.<\/li>\n<li><strong>Vidal \u00fatil:\u00a0<\/strong>Para toda la consulta. Los rodamientos de cer\u00e1mica original de KaVo garantizan una vida \u00fatil muy por enciama de la media y un funcionamiento excelente y sin vibraciones.<\/li>\n<li><strong>Confort de manejo:\u00a0<\/strong>Seguro y c\u00f3modo. El sistema de sujeci\u00f3n con pulsador KaVo con una fuerza de sujeci\u00f3n de 30 N garantiza la sujeci\u00f3n segura y potente de la fresa con una comodidad de manejo ejemplar.<\/li>\n<li><strong>Refrigeraci\u00f3n:\u00a0<\/strong>Siempre a la temperatura correcta. El spray de cuatro boquillas con m\u00e1s fina humidificaci\u00f3n\u00a0 proporciona una refrigeraci\u00f3n \u00f3ptima hasta la punta de la fresa.<\/li>\n<li><strong>Acoplamiento MULTIflex:<\/strong> Totalmente compatible. MASTERtorque se adapta a todos los acoplamientos del sistema KaVo MULTIflex y por tanto puede emplearse en cualquier unidad de tratamiento.<\/li>\n<li><strong>Higiene:\u00a0<\/strong>Limpieza perfecta. Los instrumentos de KaVo son lavables, termodesinfectables y esterilizables hasta 135\u00ba en autoclaves.<\/li>\n<li><strong>Luz:\u00a0<\/strong>Visi\u00f3n perfecta. Con 25.000 lux, la fibra de vidrio de la turbina MASTERtorque LUX L9000L garantiza una iluminaci\u00f3n sin sombras del lugar de preparaci\u00f3n.<\/li>\n<\/ul>\n<\/div>\n","protected":false},"excerpt":{"rendered":"<p>\u00abCONSULTAR OFERTA\u00bb<\/p>\n<p>Potente, silenciosa y c\u00f3moda.<\/p>\n<p>Direct Stop Technology (DST), detiene la fresa en un segundo.<\/p>\n<p>Higi\u00e9nica, sin retrosucci\u00f3n.<\/p>\n<p>Potencia (23 vatios)<\/p>\n<p>Extremadamente silenciosa (57 dB)<\/p>\n<p>Garant\u00eda 2 a\u00f1os.<\/p>\n<p>Ref. 1.008.7900<\/p>\n<p>&nbsp;<\/p>\n","protected":false},"featured_media":3143,"template":"","meta":[],"product_cat":[37,44,34],"product_tag":[],"_links":{"self":[{"href":"https:\/\/www.vidaldental.es\/index.php?rest_route=\/wp\/v2\/product\/1984"}],"collection":[{"href":"https:\/\/www.vidaldental.es\/index.php?rest_route=\/wp\/v2\/product"}],"about":[{"href":"https:\/\/www.vidaldental.es\/index.php?rest_route=\/wp\/v2\/types\/product"}],"wp:featuredmedia":[{"embeddable":true,"href":"https:\/\/www.vidaldental.es\/index.php?rest_route=\/wp\/v2\/media\/3143"}],"wp:attachment":[{"href":"https:\/\/www.vidaldental.es\/index.php?rest_route=%2Fwp%2Fv2%2Fmedia&parent=1984"}],"wp:term":[{"taxonomy":"product_cat","embeddable":true,"href":"https:\/\/www.vidaldental.es\/index.php?rest_route=%2Fwp%2Fv2%2Fproduct_cat&post=1984"},{"taxonomy":"product_tag","embeddable":true,"href":"https:\/\/www.vidaldental.es\/index.php?rest_route=%2Fwp%2Fv2%2Fproduct_tag&post=1984"}],"curies":[{"name":"wp","href":"https:\/\/api.w.org\/{rel}","templated":true}]}}