{"id":1998,"date":"2019-10-14T20:43:25","date_gmt":"2019-10-14T20:43:25","guid":{"rendered":"https:\/\/www.vidaldental.es\/?post_type=product&#038;p=1998"},"modified":"2023-02-28T14:54:59","modified_gmt":"2023-02-28T14:54:59","slug":"smarttorque-619l","status":"publish","type":"product","link":"https:\/\/www.vidaldental.es\/?product=smarttorque-619l","title":{"rendered":"Turbina SMARTtorque S619L KAVO Ref. 1.008.1641"},"content":{"rendered":"<div class=\"col-md-6\">\n<h2 style=\"text-align: left\"><strong>Turbina SMARTtorque S619L KAVO Ref. 1.008.1641<\/strong><\/h2>\n<h4>Primero la seguridad.<\/h4>\n<ul>\n<li>Soporte seguro de la fresa mediante el sistema tensor de KaVo con una fuerza de soporte para pinzas de presi\u00f3n de hasta 30 N que evitan al m\u00e1ximo los deslizamientos o problemas de agarre<\/li>\n<li>Protecci\u00f3n \u00f3ptima del diente contra da\u00f1os t\u00e9rmicos mediante spray cu\u00e1druple<\/li>\n<li>Acceso seguro a todos los sectores del maxilar gracias a un tama\u00f1o ideal de cabezas:\n<ul>\n<li>Versi\u00f3n est\u00e1ndar. Altura: 14,5 mm, Di\u00e1metro de la cabeza: 2,5 mm<\/li>\n<li>Versi\u00f3n mini. Altura: 12,3 mm; Di\u00e1metro de la cabeza: 10,8 mm<\/li>\n<\/ul>\n<\/li>\n<li>Trabajo seguro gracias al conductor de luz de barra de vidrio de KaVo que proyecta hasta 25.000 LUX a trav\u00e9s de la punta de la fresa<\/li>\n<li>Manejo seguro y limpieza sencilla gracias a su dise\u00f1o ergon\u00f3mico y optimizado para la higiene<\/li>\n<\/ul>\n<p>&nbsp;<\/p>\n<p><strong>KaVo SMARTtorque \u2013 seguridad para usted y para sus pacientes.<\/strong><\/p>\n<\/div>\n<div class=\"col-md-6\">\n<h4>KaVo SMARTtorque \u2013 Bienvenido al universo de calidad de KaVo<\/h4>\n<ul>\n<li>Preparaci\u00f3n r\u00e1pida y eficiente gracias a la potencia de 16 vatios<\/li>\n<li>Est\u00e1ndares KaVo, incluye p. ej., rotor de la turbina con rodamientos de precisi\u00f3n de larga vida \u00fatil<\/li>\n<li>Incremento de la vida \u00fatil de los rodamientos mediante el stop de retrosucci\u00f3n que minimiza la entrada de suciedad<\/li>\n<li>Funcionamiento preciso y silencioso con la m\u00e1xima precisi\u00f3n de acabado y una tecnolog\u00eda de primera de KaVo<\/li>\n<li>Trabaje de manera m\u00e1s eficiente con el sistema tensor con pulsador para un r\u00e1pido cambio de fresa<\/li>\n<li><em>Made by KaVo<\/em> es sin\u00f3nimo de m\u00e1s de 100 a\u00f1os de experiencia, de m\u00e1s de 5 millones de turbinas, piezas de mano y contra-\u00e1ngulos vendidos y sobre todo de una calidad s\u00f3lida<\/li>\n<\/ul>\n<p><strong>KaVo SMARTtorque \u2013 Bienvenido al universo de calidad de KaVo.<\/strong><\/p>\n<h2>Caracter\u00edsticas:<\/h2>\n<ul>\n<li><strong>Refrigeraci\u00f3n:<\/strong> Siempre la temperatura correcta. El spray de 4 toberas con un roc\u00edo de spray fin\u00edsimo proporciona la refrigeraci\u00f3n \u00f3ptima hasta la punta de la fresa.<\/li>\n<li><strong>Luz<\/strong>: Trabajos seguros con conductor de luz de barra de vidrio de KaVo y mediante 25.000 LUX en la punta de la fresa.<\/li>\n<li><strong>Comodidad de manejo:<\/strong> Soporte seguro de la fresa mediante el sistema tensor de KaVo con una fuerza de soporte para pinzas de presi\u00f3n de hasta 30 N. No es posible que se suelte o que derrape el instrumento.<\/li>\n<li><strong>Higiene:<\/strong> Sencillamente limpio. Instrumentos de KaVo se puede lavar en una termodesinfectadora y esterilizar hasta 135\u00ba C en el autoclave.<\/li>\n<li><strong>Potencia:<\/strong> Preparaci\u00f3n r\u00e1pida y eficiente gracias a la potencia de 16 vatios y de 12 vatios en la versi\u00f3n mini.<\/li>\n<li><strong>Vida util:<\/strong> Rotores KaVo con rodamientos de cer\u00e1mica de precisi\u00f3n, para turbinas de cabeza est\u00e1ndar y miniatura.<\/li>\n<li><strong>Acoplamiento MULTIflex:<\/strong> Compatible en cualquier lugar. SMARTtoque encaja sobre los acoplamientos de sistemas MULTIflex de KaVo y por lo tanto, se puede emplear en cualquier unidad de tratamiento.<\/li>\n<\/ul>\n<p>&nbsp;<\/p>\n<\/div>\n","protected":false},"excerpt":{"rendered":"<h2>\u00abConsultar oferta\u00bb<\/h2>\n<p>Primero el precio y la seguridad.<\/p>\n<p>Potencia (16 vatios)<\/p>\n<p>Garant\u00eda 12 meses.<\/p>\n<p>Ref. 1.008.1641<\/p>\n","protected":false},"featured_media":3142,"template":"","meta":[],"product_cat":[37,44,34],"product_tag":[],"_links":{"self":[{"href":"https:\/\/www.vidaldental.es\/index.php?rest_route=\/wp\/v2\/product\/1998"}],"collection":[{"href":"https:\/\/www.vidaldental.es\/index.php?rest_route=\/wp\/v2\/product"}],"about":[{"href":"https:\/\/www.vidaldental.es\/index.php?rest_route=\/wp\/v2\/types\/product"}],"wp:featuredmedia":[{"embeddable":true,"href":"https:\/\/www.vidaldental.es\/index.php?rest_route=\/wp\/v2\/media\/3142"}],"wp:attachment":[{"href":"https:\/\/www.vidaldental.es\/index.php?rest_route=%2Fwp%2Fv2%2Fmedia&parent=1998"}],"wp:term":[{"taxonomy":"product_cat","embeddable":true,"href":"https:\/\/www.vidaldental.es\/index.php?rest_route=%2Fwp%2Fv2%2Fproduct_cat&post=1998"},{"taxonomy":"product_tag","embeddable":true,"href":"https:\/\/www.vidaldental.es\/index.php?rest_route=%2Fwp%2Fv2%2Fproduct_tag&post=1998"}],"curies":[{"name":"wp","href":"https:\/\/api.w.org\/{rel}","templated":true}]}}