{"id":2957,"date":"2020-04-13T21:53:48","date_gmt":"2020-04-13T21:53:48","guid":{"rendered":"https:\/\/www.vidaldental.es\/?post_type=product&#038;p=2957"},"modified":"2023-03-09T09:18:12","modified_gmt":"2023-03-09T09:18:12","slug":"mastersurg-kavo-ref-1-009-1200","status":"publish","type":"product","link":"https:\/\/www.vidaldental.es\/?product=mastersurg-kavo-ref-1-009-1200","title":{"rendered":"Motor de cirug\u00eda MASTERsurg KAVO Ref. 1.009.1200"},"content":{"rendered":"<h2 style=\"text-align: left\">Motor de cirug\u00eda MASTERsurg KAVO Ref. 1.009.1200<\/h2>\n<p>Caracter\u00edsticas:<\/p>\n<p>La unidad quir\u00fargica completa incluye: motor quir\u00fargico INTRA LUX S600 LED, pedal multifunciones sin cable. cable de motor para S600 LED, juego de mangueras del arranque (5 unidades), soporte de motor y de instrumentos, soporte de botella, bomba perist\u00e1ltica integrada y suministro de energ\u00eda el\u00e9ctrica.<\/p>\n<p>El motor S600 LED, es uno de los motores m\u00e1s ligeros y peque\u00f1os ( un 28% m\u00e1s liguero y 20% mas corto comparado con sus predecesores), termodesinfectable y autolavable, campo de revoluciones 0-40.000 rpm, par de giro m\u00e1x. 5,5 Ncm (0-12.000 rpm) \/ 5,5 hasta 2,5 Ncm de 12.000-40.000 rpm, motor de corriente continua sin colector con KaVo Mini LED.<\/p>\n<p>Las mangueras de refrigerantes desechables (10 unidades)<\/p>\n<p>Cable de motor flexible, desinfectable y apto para autoclave, de 2 m. de longitud.<\/p>\n<p>Soporte para motor e instrumento, desinfectable y apto para autoclave.<\/p>\n<p>Contra-\u00e1ngulo S201 L\u00a0 con una reducci\u00f3n de 20:1 y luz.<\/p>\n","protected":false},"excerpt":{"rendered":"<p><strong>*Contacte con nosotros para conocer disponibilidad y ofertas<\/strong><\/p>\n<p>&nbsp;<\/p>\n","protected":false},"featured_media":2958,"template":"","meta":[],"product_cat":[48,50,37,34],"product_tag":[],"_links":{"self":[{"href":"https:\/\/www.vidaldental.es\/index.php?rest_route=\/wp\/v2\/product\/2957"}],"collection":[{"href":"https:\/\/www.vidaldental.es\/index.php?rest_route=\/wp\/v2\/product"}],"about":[{"href":"https:\/\/www.vidaldental.es\/index.php?rest_route=\/wp\/v2\/types\/product"}],"wp:featuredmedia":[{"embeddable":true,"href":"https:\/\/www.vidaldental.es\/index.php?rest_route=\/wp\/v2\/media\/2958"}],"wp:attachment":[{"href":"https:\/\/www.vidaldental.es\/index.php?rest_route=%2Fwp%2Fv2%2Fmedia&parent=2957"}],"wp:term":[{"taxonomy":"product_cat","embeddable":true,"href":"https:\/\/www.vidaldental.es\/index.php?rest_route=%2Fwp%2Fv2%2Fproduct_cat&post=2957"},{"taxonomy":"product_tag","embeddable":true,"href":"https:\/\/www.vidaldental.es\/index.php?rest_route=%2Fwp%2Fv2%2Fproduct_tag&post=2957"}],"curies":[{"name":"wp","href":"https:\/\/api.w.org\/{rel}","templated":true}]}}