{"id":2966,"date":"2020-04-16T20:31:00","date_gmt":"2020-04-16T20:31:00","guid":{"rendered":"https:\/\/www.vidaldental.es\/?post_type=product&#038;p=2966"},"modified":"2023-03-09T09:18:00","modified_gmt":"2023-03-09T09:18:00","slug":"expertsurg","status":"publish","type":"product","link":"https:\/\/www.vidaldental.es\/?product=expertsurg","title":{"rendered":"Motor de cirug\u00eda EXPERTsurg KAVO Ref. 1.008.3500"},"content":{"rendered":"<h2 style=\"text-align: left\">Motor de cirug\u00eda EXPERTsurg KAVO Ref. 1.008.3500<\/h2>\n<p>Descripci\u00f3n.<\/p>\n<p>Unidad quir\u00fargica completa incluye: motor quir\u00fargico INTRA LUX S600 LED, pedal multifunci\u00f3nes (longitud de cable 2,5 m) cable de motor para S600 LED, juego de mangueras de arranque (5 unidades), soporte del motor y de instrumentos, soporte de botella, bomba perist\u00e1ltica integrada y suministro de corriente.<\/p>\n<p>El motor S600 LED, es uno de los motores m\u00e1s cortos y peque\u00f1os (un 28% mas ligero y 20% mas corto comparado con sus predecesores), termodesinfectable y autoclave, cambo de revoluciones 0-40.000 rpm, torque m\u00e1x, 5,5 Ncm (0-12.000 rpm)\/ 5,5 hasta 1,5 Ncm de 12.000-40.000 rpm, motor de corriente continua sin colector con KaVo Mini LED.<\/p>\n<p>Manguera externa de refrigerante desechable (10 unidades).<\/p>\n<p>Cable de motor, flexible termodesinfectable y apto para autoclave.<\/p>\n<p>Contra-\u00e1ngulo SURGmatic LUX con una trasmisi\u00f3n 20:1\u00a0 y luz.<\/p>\n","protected":false},"excerpt":{"rendered":"<p><strong>*Contacte con nosotros para conocer disponibilidad y ofertas<\/strong><\/p>\n","protected":false},"featured_media":2967,"template":"","meta":[],"product_cat":[48,50,37,34],"product_tag":[],"_links":{"self":[{"href":"https:\/\/www.vidaldental.es\/index.php?rest_route=\/wp\/v2\/product\/2966"}],"collection":[{"href":"https:\/\/www.vidaldental.es\/index.php?rest_route=\/wp\/v2\/product"}],"about":[{"href":"https:\/\/www.vidaldental.es\/index.php?rest_route=\/wp\/v2\/types\/product"}],"wp:featuredmedia":[{"embeddable":true,"href":"https:\/\/www.vidaldental.es\/index.php?rest_route=\/wp\/v2\/media\/2967"}],"wp:attachment":[{"href":"https:\/\/www.vidaldental.es\/index.php?rest_route=%2Fwp%2Fv2%2Fmedia&parent=2966"}],"wp:term":[{"taxonomy":"product_cat","embeddable":true,"href":"https:\/\/www.vidaldental.es\/index.php?rest_route=%2Fwp%2Fv2%2Fproduct_cat&post=2966"},{"taxonomy":"product_tag","embeddable":true,"href":"https:\/\/www.vidaldental.es\/index.php?rest_route=%2Fwp%2Fv2%2Fproduct_tag&post=2966"}],"curies":[{"name":"wp","href":"https:\/\/api.w.org\/{rel}","templated":true}]}}