{"id":3003,"date":"2020-04-19T17:08:05","date_gmt":"2020-04-19T17:08:05","guid":{"rendered":"https:\/\/www.vidaldental.es\/?post_type=product&#038;p=3003"},"modified":"2023-03-09T09:17:19","modified_gmt":"2023-03-09T09:17:19","slug":"experttorque-mini-lux-e677l-ref-1-007-3600","status":"publish","type":"product","link":"https:\/\/www.vidaldental.es\/?product=experttorque-mini-lux-e677l-ref-1-007-3600","title":{"rendered":"Turbina EXPERTtorque Mini LUX E677L KAVO Ref. 1.007.3600"},"content":{"rendered":"<h2 style=\"text-align: left\"><strong>Turbina EXPERTtorque Mini LUX E677L KAVO Ref. 1.007.3600<\/strong><\/h2>\n<ul>\n<li>Trabajo m\u00e1s sencillo en situaciones dif\u00edciles de tratamiento mediante nueva carcasa en miniatura m\u00e1s peque\u00f1a y \u00e1ngulos de cabeza y codo 100\u00ba y 19\u00ba respectivamente.<\/li>\n<li>Eficacia y protecci\u00f3n contra infecciones mediante un nuevo spray triple, una reducci\u00f3n mejorada de la depresi\u00f3n durante el frenado de la turbina y los filtros de agua de spray cambiables.<\/li>\n<li>Ver mejor trabajar con mayor eficacia mediante luz integrada y una peque\u00f1a cabeza miniatura.<\/li>\n<\/ul>\n<p>EXPERTtorque Mini &#8211; La mejor relaci\u00f3n precio-durabilidad.<\/p>\n<p>Materiales de alta calidad y de bajo desgaste en las turbinas Expert y en las piezas manuales y angulares son una garant\u00eda para m\u00e1xima fiabilidad, m\u00ednima necesidad de mantenimiento y excelente vida \u00fatil de instrumento.<\/p>\n<p><strong>Caracter\u00edsticas:<\/strong><\/p>\n<ul>\n<li><strong>Tama\u00f1o de la cabeza:<\/strong> Trabajo m\u00e1s sencillo en situaciones dif\u00edciles de tratamiento mediante nueva carcasa en miniatura. Altura de la cabeza 12,2 mm. y di\u00e1metro de la cabeza 10,8 mm.<\/li>\n<li><strong>Refrigeraci\u00f3n:<\/strong> Siempre la temperatura correcta. El spray de 3 toberas con un roc\u00edo de spray fin\u00edsimo proporciona la refrigeraci\u00f3n \u00f3ptima hasta la punta de la fresa.<\/li>\n<li><strong>Agarre:<\/strong> Limpieza r\u00e1pida y un manejo eficaz gracias al superficie EXPERTgrip de KaVo y una nueva forma sin cantos.<\/li>\n<li><strong>Espacio libre:<\/strong> El dise\u00f1o geom\u00e9trico con \u00e1ngulo de cabeza de 100\u00ba y \u00e1ngulo de codo de 19\u00ba proporcionada en acceso \u00f3ptimo el campo de preparaci\u00f3n.<\/li>\n<li><strong>Luz:<\/strong> Vista perfecta. El conductor de luz-barra de vidrio con 25.000 Lux de la turbina, garantiza una iluminaci\u00f3n sin sombras del punto de preparaci\u00f3n.<\/li>\n<li><strong>Higiene:<\/strong> Sencillamente limpio. Instrumentos de KaVo se pueden lavar en temodesinfectadoras y esterilizar hasta 135\u00baC en el autoclave.<\/li>\n<li><strong>Suavidad de marcha:<\/strong> Las soluciones m\u00e1s innovadoras en la tecnolog\u00eda con cojinetes y equilibrado para eliminar los picos de frecuencia especialmente molestos y reducci\u00f3n clara de la presi\u00f3n sonora de 62 dB.<\/li>\n<li><strong>Potente:<\/strong> Elevada potencia de transmisi\u00f3n de hasta 15 vatios, para una preparaci\u00f3n r\u00e1pida y eficaz.<\/li>\n<li><strong>Comodidad de manejo:<\/strong> Seguro y c\u00f3modo. El sistema de sujeci\u00f3n por bot\u00f3n de KaVo con una fuerza de\u00a0 sujecci\u00f3n de 30 N garantiza la sujeci\u00f3n segura y fuerte de la fresa con una comodidad de manejo ejemplar.<\/li>\n<li><strong>\u00a0Acoplamiento MULTIflex:<\/strong> Compatible en cualquier lugar, encaja sobre todos los acoplamientos de sistema MULTIflex de KaVo y por lo tanto, se puede emplear en cualquier unidad de tratamiento.<\/li>\n<\/ul>\n<p>&nbsp;<\/p>\n","protected":false},"excerpt":{"rendered":"<p><strong>*Contacte con nosotros para conocer disponibilidad y ofertas<\/strong><\/p>\n","protected":false},"featured_media":3137,"template":"","meta":[],"product_cat":[37,44,34,113],"product_tag":[],"_links":{"self":[{"href":"https:\/\/www.vidaldental.es\/index.php?rest_route=\/wp\/v2\/product\/3003"}],"collection":[{"href":"https:\/\/www.vidaldental.es\/index.php?rest_route=\/wp\/v2\/product"}],"about":[{"href":"https:\/\/www.vidaldental.es\/index.php?rest_route=\/wp\/v2\/types\/product"}],"wp:featuredmedia":[{"embeddable":true,"href":"https:\/\/www.vidaldental.es\/index.php?rest_route=\/wp\/v2\/media\/3137"}],"wp:attachment":[{"href":"https:\/\/www.vidaldental.es\/index.php?rest_route=%2Fwp%2Fv2%2Fmedia&parent=3003"}],"wp:term":[{"taxonomy":"product_cat","embeddable":true,"href":"https:\/\/www.vidaldental.es\/index.php?rest_route=%2Fwp%2Fv2%2Fproduct_cat&post=3003"},{"taxonomy":"product_tag","embeddable":true,"href":"https:\/\/www.vidaldental.es\/index.php?rest_route=%2Fwp%2Fv2%2Fproduct_tag&post=3003"}],"curies":[{"name":"wp","href":"https:\/\/api.w.org\/{rel}","templated":true}]}}