{"id":3620,"date":"2022-01-04T18:40:23","date_gmt":"2022-01-04T18:40:23","guid":{"rendered":"https:\/\/www.vidaldental.es\/?post_type=product&#038;p=3620"},"modified":"2024-02-20T14:19:08","modified_gmt":"2024-02-20T14:19:08","slug":"guantes-de-nitrilo-sin-polvo-color-azul-m-medicaline-ref-ml-33546","status":"publish","type":"product","link":"https:\/\/www.vidaldental.es\/?product=guantes-de-nitrilo-sin-polvo-color-azul-m-medicaline-ref-ml-33546","title":{"rendered":"Guantes de nitrilo sin polvo color Azul M MEDICALINE ref. ML 33546"},"content":{"rendered":"<h2>Guantes de nitrilo sin polvo MEDICALINE color Azul talla M<\/h2>\n<p>Los guantes de nitrilo Medicaline est\u00e1n fabricados 100% en nitrilo, evitando reacciones al\u00e9rgicas en usuarios o pacientes con intolerancia al l\u00e1tex. Adem\u00e1s proporcionan una \u00f3ptima protecci\u00f3n de las manos durante la realizaci\u00f3n de ex\u00e1menes, diagn\u00f3sticos y terapias. El grosor en esta gama de guantes es de 3 gramos, ofreciendo una mayor comodidad y una sensaci\u00f3n de tacto m\u00e1s natural.<br \/>\nCaracter\u00edsticas:<br \/>\n\u00b7 No est\u00e9riles.<br \/>\n\u00b7 Ambidiestros.<br \/>\n\u00b7 Color blanco, azul, violeta, rosa y negro.<br \/>\n\u00b7 Superficie microtexturada antideslizante.<br \/>\n\u00b7 Producto no reutilizable.<br \/>\nComposici\u00f3n: Fabricados 100% en nitrilo.<br \/>\nEnvase: Caja de 100 unidades.<\/p>\n","protected":false},"excerpt":{"rendered":"<p>Guantes de nitrilo sin polvo MEDICALINE color Azul talla M Los guantes de nitrilo Medicaline est\u00e1n fabricados 100% en nitrilo, evitando reacciones al\u00e9rgicas en usuarios o pacientes con intolerancia al l\u00e1tex. Adem\u00e1s proporcionan una \u00f3ptima protecci\u00f3n de las manos durante la realizaci\u00f3n de ex\u00e1menes, diagn\u00f3sticos y terapias. El grosor en esta gama de guantes es &#8230; <a title=\"Guantes de nitrilo sin polvo color Azul M MEDICALINE ref. ML 33546\" class=\"read-more\" href=\"https:\/\/www.vidaldental.es\/?product=guantes-de-nitrilo-sin-polvo-color-azul-m-medicaline-ref-ml-33546\" aria-label=\"M\u00e1s en Guantes de nitrilo sin polvo color Azul M MEDICALINE ref. ML 33546\">Leer m\u00e1s<\/a><\/p>\n","protected":false},"featured_media":3618,"template":"","meta":[],"product_cat":[37,88,34],"product_tag":[],"_links":{"self":[{"href":"https:\/\/www.vidaldental.es\/index.php?rest_route=\/wp\/v2\/product\/3620"}],"collection":[{"href":"https:\/\/www.vidaldental.es\/index.php?rest_route=\/wp\/v2\/product"}],"about":[{"href":"https:\/\/www.vidaldental.es\/index.php?rest_route=\/wp\/v2\/types\/product"}],"wp:featuredmedia":[{"embeddable":true,"href":"https:\/\/www.vidaldental.es\/index.php?rest_route=\/wp\/v2\/media\/3618"}],"wp:attachment":[{"href":"https:\/\/www.vidaldental.es\/index.php?rest_route=%2Fwp%2Fv2%2Fmedia&parent=3620"}],"wp:term":[{"taxonomy":"product_cat","embeddable":true,"href":"https:\/\/www.vidaldental.es\/index.php?rest_route=%2Fwp%2Fv2%2Fproduct_cat&post=3620"},{"taxonomy":"product_tag","embeddable":true,"href":"https:\/\/www.vidaldental.es\/index.php?rest_route=%2Fwp%2Fv2%2Fproduct_tag&post=3620"}],"curies":[{"name":"wp","href":"https:\/\/api.w.org\/{rel}","templated":true}]}}