{"id":3987,"date":"2022-01-16T18:07:21","date_gmt":"2022-01-16T18:07:21","guid":{"rendered":"https:\/\/www.vidaldental.es\/?post_type=product&#038;p=3987"},"modified":"2022-08-10T09:18:01","modified_gmt":"2022-08-10T09:18:01","slug":"pulidor-duro-pol-dfs-ref-800249","status":"publish","type":"product","link":"https:\/\/www.vidaldental.es\/?product=pulidor-duro-pol-dfs-ref-800249","title":{"rendered":"Pulidor DURO-POL DFS Ref. 800249"},"content":{"rendered":"<h2>Pulidor DURO-POL DFS<\/h2>\n<p>Anillo negro (extra grueso). Di\u00e1metro 100.<\/p>\n<p>Destinada para todos los metales, para todos los acr\u00edlicos y para los acr\u00edlicos blandos.<\/p>\n<p>Envase 6 unidades.<\/p>\n","protected":false},"excerpt":{"rendered":"<p>Pulidor DURO-POL DFS Anillo negro (extra grueso). Di\u00e1metro 100. Destinada para todos los metales, para todos los acr\u00edlicos y para los acr\u00edlicos blandos. Envase 6 unidades.<\/p>\n","protected":false},"featured_media":3989,"template":"","meta":[],"product_cat":[41,38,34],"product_tag":[],"_links":{"self":[{"href":"https:\/\/www.vidaldental.es\/index.php?rest_route=\/wp\/v2\/product\/3987"}],"collection":[{"href":"https:\/\/www.vidaldental.es\/index.php?rest_route=\/wp\/v2\/product"}],"about":[{"href":"https:\/\/www.vidaldental.es\/index.php?rest_route=\/wp\/v2\/types\/product"}],"wp:featuredmedia":[{"embeddable":true,"href":"https:\/\/www.vidaldental.es\/index.php?rest_route=\/wp\/v2\/media\/3989"}],"wp:attachment":[{"href":"https:\/\/www.vidaldental.es\/index.php?rest_route=%2Fwp%2Fv2%2Fmedia&parent=3987"}],"wp:term":[{"taxonomy":"product_cat","embeddable":true,"href":"https:\/\/www.vidaldental.es\/index.php?rest_route=%2Fwp%2Fv2%2Fproduct_cat&post=3987"},{"taxonomy":"product_tag","embeddable":true,"href":"https:\/\/www.vidaldental.es\/index.php?rest_route=%2Fwp%2Fv2%2Fproduct_tag&post=3987"}],"curies":[{"name":"wp","href":"https:\/\/api.w.org\/{rel}","templated":true}]}}