{"id":4073,"date":"2022-01-22T18:15:58","date_gmt":"2022-01-22T18:15:58","guid":{"rendered":"https:\/\/www.vidaldental.es\/?post_type=product&#038;p=4073"},"modified":"2023-01-18T10:59:44","modified_gmt":"2023-01-18T10:59:44","slug":"fresa-de-carburo-diadur-tri-cutter-dfs-ref-80049","status":"publish","type":"product","link":"https:\/\/www.vidaldental.es\/?product=fresa-de-carburo-diadur-tri-cutter-dfs-ref-80049","title":{"rendered":"Fresa de carburo DIADUR TRI-CUTTER DFS Ref. 80049"},"content":{"rendered":"<h2>Fresa de carburo DIADUR TRI-CUTTER DFS (negro)<\/h2>\n<p>Fresa dentada de carburo.<\/p>\n<p>Anillo negro (extra grueso). Di\u00e1metro 023.<\/p>\n<p>Destinada para un corte libre de manchas de todos los acr\u00edlicos (termopl\u00e1sticos, materiales para cubetas)<\/p>\n<p>Envase 1 unidad.<\/p>\n","protected":false},"excerpt":{"rendered":"<p>Fresa de carburo DIADUR TRI-CUTTER DFS (negro) Fresa dentada de carburo. Anillo negro (extra grueso). Di\u00e1metro 023. Destinada para un corte libre de manchas de todos los acr\u00edlicos (termopl\u00e1sticos, materiales para cubetas) Envase 1 unidad.<\/p>\n","protected":false},"featured_media":4074,"template":"","meta":[],"product_cat":[41,38,34],"product_tag":[],"_links":{"self":[{"href":"https:\/\/www.vidaldental.es\/index.php?rest_route=\/wp\/v2\/product\/4073"}],"collection":[{"href":"https:\/\/www.vidaldental.es\/index.php?rest_route=\/wp\/v2\/product"}],"about":[{"href":"https:\/\/www.vidaldental.es\/index.php?rest_route=\/wp\/v2\/types\/product"}],"wp:featuredmedia":[{"embeddable":true,"href":"https:\/\/www.vidaldental.es\/index.php?rest_route=\/wp\/v2\/media\/4074"}],"wp:attachment":[{"href":"https:\/\/www.vidaldental.es\/index.php?rest_route=%2Fwp%2Fv2%2Fmedia&parent=4073"}],"wp:term":[{"taxonomy":"product_cat","embeddable":true,"href":"https:\/\/www.vidaldental.es\/index.php?rest_route=%2Fwp%2Fv2%2Fproduct_cat&post=4073"},{"taxonomy":"product_tag","embeddable":true,"href":"https:\/\/www.vidaldental.es\/index.php?rest_route=%2Fwp%2Fv2%2Fproduct_tag&post=4073"}],"curies":[{"name":"wp","href":"https:\/\/api.w.org\/{rel}","templated":true}]}}