{"id":4120,"date":"2022-01-26T08:49:23","date_gmt":"2022-01-26T08:49:23","guid":{"rendered":"https:\/\/www.vidaldental.es\/?post_type=product&#038;p=4120"},"modified":"2023-03-09T07:48:46","modified_gmt":"2023-03-09T07:48:46","slug":"mezcladora-de-vacio-iris-ii-advanced-mestra-ref-080518","status":"publish","type":"product","link":"https:\/\/www.vidaldental.es\/?product=mezcladora-de-vacio-iris-ii-advanced-mestra-ref-080518","title":{"rendered":"Mezcladora de vac\u00edo IRIS II ADVANCED MESTRA Ref. 080518"},"content":{"rendered":"<h2>Mezcladora de vac\u00edo IRIS II ADVANCED MESTRA<\/h2>\n<p>Econ\u00f3micas y pr\u00e1cticas batidoras de vac\u00edo. Basta con colocar la taza y pulsar el bot\u00f3n de accionamiento para comenzar el batido. En unos segundos, la mezcla estar\u00e1 lista. A pesar de las diferencias, todas la versiones comparten la misma estructura motor-bomba-chasis de contrastada solidez y fiabilidad, diferenci\u00e1ndose s\u00f3lo en el sistema de control.<\/p>\n<p>El modelo\u00a0<strong>Advanced<\/strong>\u00a0incluye a parte de estas funciones la posibilidad de programar tiempo de pre-vac\u00edo, pre-batido, funci\u00f3n turbo, post-vac\u00edo, alarmas, inversi\u00f3n de giro, etc. Con estas caracter\u00edsticas, es posible optimizar el batido en el amplio abanico de materiales presentes en el mercado: revestimiento, escayolas tipo II, III, IV.<\/p>\n<p>El control electr\u00f3nico de las versiones Evolution y Advanced, permite el dise\u00f1o, grabaci\u00f3n y uso de programas configurables por el usuario. A esta funcionalidad, hay que a\u00f1adir la posibilidad de programaci\u00f3n de alarmas y muchas otras funciones del modelo Advanced; la comodidad no debe estar re\u00f1ida con las prestaciones.<\/p>\n<p>Se suministran de serie con una taza de 550 cc. Sin embargo, se encuentra disponible una amplia variedad de tazas capaces de adaptarse a todas las necesidades.<\/p>\n<p>Potencia 100W.<\/p>\n<p>Rango de tiempo 0\/300&#8243;.<\/p>\n<p>Velocidad 100-400 rpm.<\/p>\n","protected":false},"excerpt":{"rendered":"<p><strong>*Contacte con nosotros para conocer disponibilidad y ofertas<\/strong><\/p>\n","protected":false},"featured_media":4122,"template":"","meta":[],"product_cat":[71,38,34],"product_tag":[],"_links":{"self":[{"href":"https:\/\/www.vidaldental.es\/index.php?rest_route=\/wp\/v2\/product\/4120"}],"collection":[{"href":"https:\/\/www.vidaldental.es\/index.php?rest_route=\/wp\/v2\/product"}],"about":[{"href":"https:\/\/www.vidaldental.es\/index.php?rest_route=\/wp\/v2\/types\/product"}],"wp:featuredmedia":[{"embeddable":true,"href":"https:\/\/www.vidaldental.es\/index.php?rest_route=\/wp\/v2\/media\/4122"}],"wp:attachment":[{"href":"https:\/\/www.vidaldental.es\/index.php?rest_route=%2Fwp%2Fv2%2Fmedia&parent=4120"}],"wp:term":[{"taxonomy":"product_cat","embeddable":true,"href":"https:\/\/www.vidaldental.es\/index.php?rest_route=%2Fwp%2Fv2%2Fproduct_cat&post=4120"},{"taxonomy":"product_tag","embeddable":true,"href":"https:\/\/www.vidaldental.es\/index.php?rest_route=%2Fwp%2Fv2%2Fproduct_tag&post=4120"}],"curies":[{"name":"wp","href":"https:\/\/api.w.org\/{rel}","templated":true}]}}