{"id":4205,"date":"2022-01-29T20:50:48","date_gmt":"2022-01-29T20:50:48","guid":{"rendered":"https:\/\/www.vidaldental.es\/?post_type=product&#038;p=4205"},"modified":"2023-03-08T19:28:59","modified_gmt":"2023-03-08T19:28:59","slug":"horno-de-precalentamiento-hp-50-concept-mestra-ref-080134","status":"publish","type":"product","link":"https:\/\/www.vidaldental.es\/?product=horno-de-precalentamiento-hp-50-concept-mestra-ref-080134","title":{"rendered":"Horno de precalentamiento HP 50 CONCEPT MESTRA Ref.080134"},"content":{"rendered":"<h2>Horno de precalentamiento HP 50 CONCEPT MESTRA<\/h2>\n<p>Similares a los hornos de precalentemiento HP-25, HP-50 y HP-100 excepto en el control electr\u00f3nico.<\/p>\n<p>La mufla est\u00e1 montada en caja de acero inoxidable 18\/8, el material que mejor soporta los duros requerimientos en cuanto a temperaturas de este tipo de aparatos. Tambi\u00e9n disponen de mufla cer\u00e1mica de alta duraci\u00f3n con resistencias el\u00e9ctricas integradas.<\/p>\n<p>El control electr\u00f3nico puede ser programado con un tiempo de espera hasta el inicio de tratamiento, y tres rampas de calentamiento con sus correspondientes mesetas. Las temperaturas y tiempo de duraci\u00f3n de rampas y mesetas pueden programarse de forma sencilla. Los valores m\u00e1ximos de temperaturas y tiempos son de 1100 \u00b0C y 999 h respectivamente. Tambi\u00e9n se puede programar en \u00baC por minuto.<\/p>\n<p>Es posible almacenar en memoria hasta un total de 5 programas (4 con rampas y 1 directo).<\/p>\n<p>Los hornos cuentan adem\u00e1s con aviso ac\u00fastico de fin de programa, sistema de detecci\u00f3n de puerta abierta y sistema de detecci\u00f3n de rotura en termopar.<\/p>\n<p>Se suministran con bandeja cer\u00e1mica portacilindros.<\/p>\n<p>Medidas t\u00e9cnicas: 500 x 375 x 405 mm<\/p>\n<p>Potencia 2000W<\/p>\n<p>Temperatura 1100\u00baC<\/p>\n","protected":false},"excerpt":{"rendered":"<p><strong>*Contacte con nosotros para conocer disponibilidad y ofertas<\/strong><\/p>\n","protected":false},"featured_media":4207,"template":"","meta":[],"product_cat":[71,38,34],"product_tag":[],"_links":{"self":[{"href":"https:\/\/www.vidaldental.es\/index.php?rest_route=\/wp\/v2\/product\/4205"}],"collection":[{"href":"https:\/\/www.vidaldental.es\/index.php?rest_route=\/wp\/v2\/product"}],"about":[{"href":"https:\/\/www.vidaldental.es\/index.php?rest_route=\/wp\/v2\/types\/product"}],"wp:featuredmedia":[{"embeddable":true,"href":"https:\/\/www.vidaldental.es\/index.php?rest_route=\/wp\/v2\/media\/4207"}],"wp:attachment":[{"href":"https:\/\/www.vidaldental.es\/index.php?rest_route=%2Fwp%2Fv2%2Fmedia&parent=4205"}],"wp:term":[{"taxonomy":"product_cat","embeddable":true,"href":"https:\/\/www.vidaldental.es\/index.php?rest_route=%2Fwp%2Fv2%2Fproduct_cat&post=4205"},{"taxonomy":"product_tag","embeddable":true,"href":"https:\/\/www.vidaldental.es\/index.php?rest_route=%2Fwp%2Fv2%2Fproduct_tag&post=4205"}],"curies":[{"name":"wp","href":"https:\/\/api.w.org\/{rel}","templated":true}]}}