{"id":4237,"date":"2022-01-29T22:58:36","date_gmt":"2022-01-29T22:58:36","guid":{"rendered":"https:\/\/www.vidaldental.es\/?post_type=product&#038;p=4237"},"modified":"2023-03-08T19:21:06","modified_gmt":"2023-03-08T19:21:06","slug":"laminas-de-termoconformado-blanda-05-mm-mestra-ref-080568","status":"publish","type":"product","link":"https:\/\/www.vidaldental.es\/?product=laminas-de-termoconformado-blanda-05-mm-mestra-ref-080568","title":{"rendered":"L\u00e1minas de termoconformado blanda 0,5 mm MESTRA Ref. 080568"},"content":{"rendered":"<h2>L\u00e1minas de termoconformado blanda 0,5 mm MESTRA<\/h2>\n<p>Placas de termoconformado cuadradas est\u00e1ndar de dimensiones 127 x 127 mm. Fabricadas en pl\u00e1stico de alta calidad con certificados de aprobaci\u00f3n de la FDA americana y de marcaje CE. No aparece holl\u00edn o humos en el calentamiento. La ausencia de material reciclado evita que se desgarren al someterlas a vac\u00edo. Disponibles en una gran variedad de espesores y tipos.<\/p>\n<p>25 unidades.<\/p>\n","protected":false},"excerpt":{"rendered":"<p><strong>*Contacte con nosotros para conocer disponibilidad y ofertas<\/strong><\/p>\n","protected":false},"featured_media":4234,"template":"","meta":[],"product_cat":[89,38,34],"product_tag":[],"_links":{"self":[{"href":"https:\/\/www.vidaldental.es\/index.php?rest_route=\/wp\/v2\/product\/4237"}],"collection":[{"href":"https:\/\/www.vidaldental.es\/index.php?rest_route=\/wp\/v2\/product"}],"about":[{"href":"https:\/\/www.vidaldental.es\/index.php?rest_route=\/wp\/v2\/types\/product"}],"wp:featuredmedia":[{"embeddable":true,"href":"https:\/\/www.vidaldental.es\/index.php?rest_route=\/wp\/v2\/media\/4234"}],"wp:attachment":[{"href":"https:\/\/www.vidaldental.es\/index.php?rest_route=%2Fwp%2Fv2%2Fmedia&parent=4237"}],"wp:term":[{"taxonomy":"product_cat","embeddable":true,"href":"https:\/\/www.vidaldental.es\/index.php?rest_route=%2Fwp%2Fv2%2Fproduct_cat&post=4237"},{"taxonomy":"product_tag","embeddable":true,"href":"https:\/\/www.vidaldental.es\/index.php?rest_route=%2Fwp%2Fv2%2Fproduct_tag&post=4237"}],"curies":[{"name":"wp","href":"https:\/\/api.w.org\/{rel}","templated":true}]}}