{"id":4277,"date":"2022-01-30T21:26:17","date_gmt":"2022-01-30T21:26:17","guid":{"rendered":"https:\/\/www.vidaldental.es\/?post_type=product&#038;p=4277"},"modified":"2025-11-13T19:01:37","modified_gmt":"2025-11-13T19:01:37","slug":"lampara-led-con-brazo-articulado-mestra-ref-100288","status":"publish","type":"product","link":"https:\/\/www.vidaldental.es\/?product=lampara-led-con-brazo-articulado-mestra-ref-100288","title":{"rendered":"L\u00e1mpara LED con brazo articulado MESTRA Ref. 100288"},"content":{"rendered":"<h2>L\u00e1mpara LED con brazo articulado MESTRA<\/h2>\n<p>Alimentaci\u00f3n: 220-240 V, 50 Hz<\/p>\n<p>Voltaje de salida: 24 V<\/p>\n<p>Iluminaci\u00f3n: 84 LEDs (~21 W)<\/p>\n<p>Temperatura color: 6000-7000 K<\/p>\n<p>Luminancia: ~1200 Lumen<\/p>\n<p>Vida \u00fatil LED: ~50.000 horas<\/p>\n<p>Consumo: 2~21 W<\/p>\n<p>Con adaptador<\/p>\n<p>Con pinza para sujeci\u00f3n a la mesa<\/p>\n<p>Intensidad de luz regulable<\/p>\n","protected":false},"excerpt":{"rendered":"<p>L\u00e1mpara LED con brazo articulado MESTRA Alimentaci\u00f3n: 220-240 V, 50 Hz Voltaje de salida: 24 V Iluminaci\u00f3n: 84 LEDs (~21 W) Temperatura color: 6000-7000 K Luminancia: ~1200 Lumen Vida \u00fatil LED: ~50.000 horas Consumo: 2~21 W Con adaptador Con pinza para sujeci\u00f3n a la mesa Intensidad de luz regulable<\/p>\n","protected":false},"featured_media":4279,"template":"","meta":[],"product_cat":[71,38,34],"product_tag":[],"_links":{"self":[{"href":"https:\/\/www.vidaldental.es\/index.php?rest_route=\/wp\/v2\/product\/4277"}],"collection":[{"href":"https:\/\/www.vidaldental.es\/index.php?rest_route=\/wp\/v2\/product"}],"about":[{"href":"https:\/\/www.vidaldental.es\/index.php?rest_route=\/wp\/v2\/types\/product"}],"wp:featuredmedia":[{"embeddable":true,"href":"https:\/\/www.vidaldental.es\/index.php?rest_route=\/wp\/v2\/media\/4279"}],"wp:attachment":[{"href":"https:\/\/www.vidaldental.es\/index.php?rest_route=%2Fwp%2Fv2%2Fmedia&parent=4277"}],"wp:term":[{"taxonomy":"product_cat","embeddable":true,"href":"https:\/\/www.vidaldental.es\/index.php?rest_route=%2Fwp%2Fv2%2Fproduct_cat&post=4277"},{"taxonomy":"product_tag","embeddable":true,"href":"https:\/\/www.vidaldental.es\/index.php?rest_route=%2Fwp%2Fv2%2Fproduct_tag&post=4277"}],"curies":[{"name":"wp","href":"https:\/\/api.w.org\/{rel}","templated":true}]}}