{"id":4378,"date":"2022-02-03T20:48:31","date_gmt":"2022-02-03T20:48:31","guid":{"rendered":"https:\/\/www.vidaldental.es\/?post_type=product&#038;p=4378"},"modified":"2025-08-04T20:46:06","modified_gmt":"2025-08-04T20:46:06","slug":"autoclave-melag-vacuklav-31b-17l-autonomo-ref-10051","status":"publish","type":"product","link":"https:\/\/www.vidaldental.es\/?product=autoclave-melag-vacuklav-31b-17l-autonomo-ref-10051","title":{"rendered":"Autoclave MELAG Vacuklav 31B+ 17L Aut\u00f3nomo Ref. 10051"},"content":{"rendered":"<p><strong>Autoclave MELAG Vacuklav 31B+ 17L Aut\u00f3nomo Ref. 10051<\/strong><\/p>\n<div class=\"product\">\n<div class=\"description\">\n<div class=\"strong\">\n<div class=\"product\">\n<div class=\"description\">\n<div class=\"strong\">\n<div class=\"strong\">Fiables en continuo funcionamiento<\/div>\n<p>No solamente el sistema de refrigeraci\u00f3n de la bomba de vac\u00edo, sino tambi\u00e9n por su fiabilidad y facilidad de uso. Tambi\u00e9n el concepto innovador de la rapidez del Vacuklav 31 B+, as\u00ed como las muchas posibilidades de documentar y su seguridad. El seguimiento en el tratamiento del agua y el control electr\u00f3nico del Vacuklav 31 B+ evita errores en su manejo y asegura una alta calidad\u00a0en la esterilizaci\u00f3n y m\u00e1xima protecci\u00f3n de sus instrumentos.<\/p>\n<\/div>\n<\/div>\n<\/div>\n<\/div>\n<\/div>\n<\/div>\n","protected":false},"excerpt":{"rendered":"<p><strong>*Contacte con nosotros para conocer disponibilidad y ofertas<\/strong><\/p>\n","protected":false},"featured_media":4376,"template":"","meta":[],"product_cat":[48,54,37,90,34],"product_tag":[],"_links":{"self":[{"href":"https:\/\/www.vidaldental.es\/index.php?rest_route=\/wp\/v2\/product\/4378"}],"collection":[{"href":"https:\/\/www.vidaldental.es\/index.php?rest_route=\/wp\/v2\/product"}],"about":[{"href":"https:\/\/www.vidaldental.es\/index.php?rest_route=\/wp\/v2\/types\/product"}],"wp:featuredmedia":[{"embeddable":true,"href":"https:\/\/www.vidaldental.es\/index.php?rest_route=\/wp\/v2\/media\/4376"}],"wp:attachment":[{"href":"https:\/\/www.vidaldental.es\/index.php?rest_route=%2Fwp%2Fv2%2Fmedia&parent=4378"}],"wp:term":[{"taxonomy":"product_cat","embeddable":true,"href":"https:\/\/www.vidaldental.es\/index.php?rest_route=%2Fwp%2Fv2%2Fproduct_cat&post=4378"},{"taxonomy":"product_tag","embeddable":true,"href":"https:\/\/www.vidaldental.es\/index.php?rest_route=%2Fwp%2Fv2%2Fproduct_tag&post=4378"}],"curies":[{"name":"wp","href":"https:\/\/api.w.org\/{rel}","templated":true}]}}