{"id":4382,"date":"2022-02-03T21:00:03","date_gmt":"2022-02-03T21:00:03","guid":{"rendered":"https:\/\/www.vidaldental.es\/?post_type=product&#038;p=4382"},"modified":"2025-08-04T20:40:12","modified_gmt":"2025-08-04T20:40:12","slug":"autoclave-melag-melaquick-12-ref-10012","status":"publish","type":"product","link":"https:\/\/www.vidaldental.es\/?product=autoclave-melag-melaquick-12-ref-10012","title":{"rendered":"Autoclave MELAG MELAquick 12+ Ref. 10012"},"content":{"rendered":"<p><strong>Autoclave MELAG MELAquick 12+ Ref. 10012<\/strong><\/p>\n<div class=\"product\">\n<div class=\"description\">\n<div class=\"strong\">Compacto. R\u00e1pido. Robusto.<\/div>\n<p>Este y r\u00e1pido autoclave ahorra dinero y tiempo en la preparaci\u00f3n del instrumental seg\u00fan las normas estandarizadas. En aproximadamente solo 7 minutos puede esterilizar entre cada paciente, piezas de mano, contra \u00e1ngulos, instrumentos de profilaxis y otros instrumentos de la cl\u00ednica (con un largo de no m\u00e1s de 20 cm). Tiene tres programas clase S: todos los programas son seg\u00fan normativa Europea EN 13060. Para la esterilizaci\u00f3n de los instrumentos de transmisi\u00f3n es tan importante la extracci\u00f3n de aire como el secado. El secado se realiza a trav\u00e9s de una conexi\u00f3n de aire comprimido al equipo MELAquick\u00a012+ en la sala de esterilizaci\u00f3n.<\/p>\n<\/div>\n<\/div>\n<div class=\"body\">\n<p>El MELAquick 12+ es la alternativa ideal para la esterilizaci\u00f3n\u00a0de instrumentos de transmisi\u00f3n en un Autoclave normal de cl\u00ednica en un tiempo de actividad bastante largo. El MELAquick12+ necesita un espacio m\u00e1s peque\u00f1o 20,5 \u00d7 45 cm (A \u00d7 P) que cualquier otro autoclave y permite la esterilizaci\u00f3n de hasta 12 instrumentos de transmisi\u00f3n. Los r\u00e1pidos procesos de trabajo le permiten una higiene completa de su cl\u00ednica e incluso el ahorro de compra de nuevos instrumentos. Las posibilidades de documentar, liberaci\u00f3n de carga y trazabilidad, ya conocidas en los equipos de MELAG de la serie Profi y Clase Premium, tambi\u00e9n est\u00e1n disponibles en el MELAquick 12+.<\/p>\n<\/div>\n","protected":false},"excerpt":{"rendered":"<p><strong>*Contacte con nosotros para conocer disponibilidad y ofertas<\/strong><\/p>\n","protected":false},"featured_media":4383,"template":"","meta":[],"product_cat":[48,54,37,90,34],"product_tag":[],"_links":{"self":[{"href":"https:\/\/www.vidaldental.es\/index.php?rest_route=\/wp\/v2\/product\/4382"}],"collection":[{"href":"https:\/\/www.vidaldental.es\/index.php?rest_route=\/wp\/v2\/product"}],"about":[{"href":"https:\/\/www.vidaldental.es\/index.php?rest_route=\/wp\/v2\/types\/product"}],"wp:featuredmedia":[{"embeddable":true,"href":"https:\/\/www.vidaldental.es\/index.php?rest_route=\/wp\/v2\/media\/4383"}],"wp:attachment":[{"href":"https:\/\/www.vidaldental.es\/index.php?rest_route=%2Fwp%2Fv2%2Fmedia&parent=4382"}],"wp:term":[{"taxonomy":"product_cat","embeddable":true,"href":"https:\/\/www.vidaldental.es\/index.php?rest_route=%2Fwp%2Fv2%2Fproduct_cat&post=4382"},{"taxonomy":"product_tag","embeddable":true,"href":"https:\/\/www.vidaldental.es\/index.php?rest_route=%2Fwp%2Fv2%2Fproduct_tag&post=4382"}],"curies":[{"name":"wp","href":"https:\/\/api.w.org\/{rel}","templated":true}]}}