{"id":4386,"date":"2022-02-03T21:02:45","date_gmt":"2022-02-03T21:02:45","guid":{"rendered":"https:\/\/www.vidaldental.es\/?post_type=product&#038;p=4386"},"modified":"2025-08-04T20:43:28","modified_gmt":"2025-08-04T20:43:28","slug":"autoclave-melag-melatronic-23-ref-10023","status":"publish","type":"product","link":"https:\/\/www.vidaldental.es\/?product=autoclave-melag-melatronic-23-ref-10023","title":{"rendered":"Autoclave MELAG MELAtronic 23 Ref. 10023"},"content":{"rendered":"<p><strong>Autoclave MELAG MELAtronic 23 Ref. 10023<\/strong><\/p>\n<div class=\"product\">\n<div class=\"description\">\n<div class=\"strong\">\n<div class=\"product\">\n<div class=\"description\">\n<div class=\"strong\">\n<div class=\"product\">\n<div class=\"description\">\n<div class=\"strong\">El eficiente Autoclave<\/div>\n<p>El MELAtronic 23 es conocido por su alta calidad y fiabilidad. Sus componentes sofisticados y su c\u00e1mara de acero inoxidable garantizan su durabilidad y seguridad. El sistema electr\u00f3nico del MELAtronic 23 comprueba autom\u00e1ticamente los par\u00e1metros necesarios e importantes para la esterilizaci\u00f3n, como la presi\u00f3n y la temperatura. La pantalla digital permite leer confortablemente cada temperatura correspondiente durante el proceso de la esterilizaci\u00f3n.<\/p>\n<\/div>\n<\/div>\n<div class=\"body\">\n<p>El MELAtronic 23 contiene dos programas de esterilizaci\u00f3n. Para una r\u00e1pida esterilizaci\u00f3n de instrumentos posee un programa con 134 \u00b0 C\u00a0 a 2,1 bar y para materiales m\u00e1s delicados dispone uno de 121 \u00b0 C a 1 bar.<\/p>\n<\/div>\n<\/div>\n<\/div>\n<\/div>\n<\/div>\n<\/div>\n<\/div>\n","protected":false},"excerpt":{"rendered":"<p><strong>*Contacte con nosotros para conocer disponibilidad y ofertas<\/strong><\/p>\n","protected":false},"featured_media":4387,"template":"","meta":[],"product_cat":[48,54,37,90,34],"product_tag":[],"_links":{"self":[{"href":"https:\/\/www.vidaldental.es\/index.php?rest_route=\/wp\/v2\/product\/4386"}],"collection":[{"href":"https:\/\/www.vidaldental.es\/index.php?rest_route=\/wp\/v2\/product"}],"about":[{"href":"https:\/\/www.vidaldental.es\/index.php?rest_route=\/wp\/v2\/types\/product"}],"wp:featuredmedia":[{"embeddable":true,"href":"https:\/\/www.vidaldental.es\/index.php?rest_route=\/wp\/v2\/media\/4387"}],"wp:attachment":[{"href":"https:\/\/www.vidaldental.es\/index.php?rest_route=%2Fwp%2Fv2%2Fmedia&parent=4386"}],"wp:term":[{"taxonomy":"product_cat","embeddable":true,"href":"https:\/\/www.vidaldental.es\/index.php?rest_route=%2Fwp%2Fv2%2Fproduct_cat&post=4386"},{"taxonomy":"product_tag","embeddable":true,"href":"https:\/\/www.vidaldental.es\/index.php?rest_route=%2Fwp%2Fv2%2Fproduct_tag&post=4386"}],"curies":[{"name":"wp","href":"https:\/\/api.w.org\/{rel}","templated":true}]}}