{"id":4392,"date":"2022-02-05T09:37:57","date_gmt":"2022-02-05T09:37:57","guid":{"rendered":"https:\/\/www.vidaldental.es\/?post_type=product&#038;p=4392"},"modified":"2023-03-08T16:52:41","modified_gmt":"2023-03-08T16:52:41","slug":"autoclave-exl-29l-clase-b-euronda-ref-115760","status":"publish","type":"product","link":"https:\/\/www.vidaldental.es\/?product=autoclave-exl-29l-clase-b-euronda-ref-115760","title":{"rendered":"Autoclave EXL 29L clase B EURONDA Ref. 115760"},"content":{"rendered":"<h2>Autoclave clase B EXL 29L EURONDA<\/h2>\n<p>El autoclave EXL nace para satisfacer las necesidades de las cl\u00ednicas medicas con una elevada rotaci\u00f3n de pacientes, garantizando una capacidad de carga aumentada, un mayor rendimiento y consumos reducidos gracias al generador de vapor instant\u00e1neo.<\/p>\n<p>Caracter\u00edsticas:<\/p>\n<p>Clasificaci\u00f3n: Disp. M\u00e9dico de Clase IIb Autoclave de clase B, conforme con la normativa EN 13060. C\u00e1mara de acero inoxidable sin soldaduras y certificada PED 2014\/68\/EC<\/p>\n<p>Capacidad: 29L<\/p>\n<div class=\"single-attr\">\n<div class=\"attr-cont\">\n<div class=\"page\" title=\"Page 32\">\n<div class=\"layoutArea\">\n<div class=\"column\">\n<p>Peso: 62 Kg (machine empty with basket and trays)<\/p>\n<\/div>\n<\/div>\n<\/div>\n<\/div>\n<\/div>\n<div class=\"single-attr\">\n<div class=\"attr-cont\">\n<p class=\"descr-attr\">Dimensiones: 460 x 455 x 855 mm<\/p>\n<\/div>\n<\/div>\n<div class=\"single-attr\">\n<div class=\"attr-cont\">\n<div class=\"page\" title=\"Page 32\">\n<div class=\"layoutArea\">\n<div class=\"column\">\n<p>Potencia absorbida: 3200 W 14 A<\/p>\n<\/div>\n<\/div>\n<\/div>\n<\/div>\n<\/div>\n<div class=\"single-attr\">\n<div class=\"attr-cont\">\n<p class=\"descr-attr\">Agua consumida: 900 ml<\/p>\n<\/div>\n<\/div>\n<p>Eficiencia y sostenibilidad son posibles gracias a los sistemas de gesti\u00f3n y personalizaci\u00f3n de los ciclos, pero tambi\u00e9n y sobre todo por la aut\u00e9ntica joya de la corona de esta m\u00e1quina: la trazabilidad expandible y la conectividad realizada a trav\u00e9s de tarjeta SD, Ethernet y el kit optativo E-Wifi, que hace que los datos de la esterilizaci\u00f3n est\u00e9n siempre disponibles en el PC, impresoras, tel\u00e9fonos inteligentes y tabletas.<\/p>\n<p>Todo en EXL se ha pensado para optimizar la operatividad de la cl\u00ednica, garantizando una esterilizaci\u00f3n segura, sostenible y fiable de acuerdo con las normas m\u00e1s exigentes de Euronda.<\/p>\n","protected":false},"excerpt":{"rendered":"<p><strong>*Contacte con nosotros para conocer disponibilidad y ofertas<\/strong><\/p>\n","protected":false},"featured_media":4393,"template":"","meta":[],"product_cat":[48,54,37,45,90,34],"product_tag":[],"_links":{"self":[{"href":"https:\/\/www.vidaldental.es\/index.php?rest_route=\/wp\/v2\/product\/4392"}],"collection":[{"href":"https:\/\/www.vidaldental.es\/index.php?rest_route=\/wp\/v2\/product"}],"about":[{"href":"https:\/\/www.vidaldental.es\/index.php?rest_route=\/wp\/v2\/types\/product"}],"wp:featuredmedia":[{"embeddable":true,"href":"https:\/\/www.vidaldental.es\/index.php?rest_route=\/wp\/v2\/media\/4393"}],"wp:attachment":[{"href":"https:\/\/www.vidaldental.es\/index.php?rest_route=%2Fwp%2Fv2%2Fmedia&parent=4392"}],"wp:term":[{"taxonomy":"product_cat","embeddable":true,"href":"https:\/\/www.vidaldental.es\/index.php?rest_route=%2Fwp%2Fv2%2Fproduct_cat&post=4392"},{"taxonomy":"product_tag","embeddable":true,"href":"https:\/\/www.vidaldental.es\/index.php?rest_route=%2Fwp%2Fv2%2Fproduct_tag&post=4392"}],"curies":[{"name":"wp","href":"https:\/\/api.w.org\/{rel}","templated":true}]}}