{"id":4401,"date":"2022-02-05T10:06:47","date_gmt":"2022-02-05T10:06:47","guid":{"rendered":"https:\/\/www.vidaldental.es\/?post_type=product&#038;p=4401"},"modified":"2023-03-08T16:52:01","modified_gmt":"2023-03-08T16:52:01","slug":"autoclave-e8-24l-clase-b-euronda-ref-115716","status":"publish","type":"product","link":"https:\/\/www.vidaldental.es\/?product=autoclave-e8-24l-clase-b-euronda-ref-115716","title":{"rendered":"Autoclave E8 24L clase B EURONDA Ref. 115716"},"content":{"rendered":"<h2>Autoclave E8 24L clase B EURONDA<\/h2>\n<p class=\"p1\">Simple, eficaz y accesible: E8 desarrolla las mejores innovaciones de Euronda para ofrecer un equilibro preciso entre innovaci\u00f3n y ergonom\u00eda, potencia, consumo y facilidad de uso. El exclusivo display t\u00e1ctil se ha estudiado para que tambi\u00e9n resulte f\u00e1cil de limpiar gracias a la pantalla protectora de policarbonato.<\/p>\n<p class=\"p1\">El E8 es capaz de efectuar 5 ciclos distintos de tipo B. Adem\u00e1s, es posible realizar los ciclos de tipo N y de tipo S.<\/p>\n<p>Caracter\u00edsticas:<\/p>\n<p>Dispositivo m\u00e9dico de Clase IIb. Autoclave de clase B conforme con la normativa EN13060.<br \/>\nC\u00e1mara de acero inoxidable sin soldadurasy certificada PED 2014\/68\/EC<\/p>\n<p>Capacidad 24L<\/p>\n<p>Peso 48 kg<\/p>\n<p>Dimensiones 460 x 455 x 610 mm<\/p>\n<p>Potencia absorbida 2300 W 10 A<\/p>\n<p>Agua consumida 300 ml<\/p>\n<p>&nbsp;<\/p>\n<p class=\"p1\">Gracias a la innovadora funci\u00f3n E-Timer puede programar el comienzo de los ciclos de esterilizaci\u00f3n y los test en el horario que desee, lo que le permite ahorrar tiempo y empezar la jornada laboral a pleno ritmo. E8 cuenta con la posibilidad de guardar todos los ciclos de esterilizaci\u00f3n en una tarjeta SD, que permite transferirlos a un PC. Adem\u00e1s, E8 permite integrar dos tipos distintos de impresoras, seg\u00fan las necesidades, para ahorrar tiempo con toda seguridad.<\/p>\n<p class=\"p1\">Inspection\u00ae System: el sistema de acceso al compartimento de dep\u00f3sitos es muy sencillo y r\u00e1pido.<\/p>\n<p class=\"p1\">El Dirt Control System permite a la suciedad salir r\u00e1pidamente por el circuito hidr\u00e1ulico y descargarse directamente en el dep\u00f3sito de agua usada, de forma que el autoclave pueda seguir trabajando sin<br \/>\nproblemas.<\/p>\n","protected":false},"excerpt":{"rendered":"<p><strong>*Contacte con nosotros para conocer disponibilidad y ofertas<\/strong><\/p>\n","protected":false},"featured_media":4403,"template":"","meta":[],"product_cat":[48,54,37,34],"product_tag":[],"_links":{"self":[{"href":"https:\/\/www.vidaldental.es\/index.php?rest_route=\/wp\/v2\/product\/4401"}],"collection":[{"href":"https:\/\/www.vidaldental.es\/index.php?rest_route=\/wp\/v2\/product"}],"about":[{"href":"https:\/\/www.vidaldental.es\/index.php?rest_route=\/wp\/v2\/types\/product"}],"wp:featuredmedia":[{"embeddable":true,"href":"https:\/\/www.vidaldental.es\/index.php?rest_route=\/wp\/v2\/media\/4403"}],"wp:attachment":[{"href":"https:\/\/www.vidaldental.es\/index.php?rest_route=%2Fwp%2Fv2%2Fmedia&parent=4401"}],"wp:term":[{"taxonomy":"product_cat","embeddable":true,"href":"https:\/\/www.vidaldental.es\/index.php?rest_route=%2Fwp%2Fv2%2Fproduct_cat&post=4401"},{"taxonomy":"product_tag","embeddable":true,"href":"https:\/\/www.vidaldental.es\/index.php?rest_route=%2Fwp%2Fv2%2Fproduct_tag&post=4401"}],"curies":[{"name":"wp","href":"https:\/\/api.w.org\/{rel}","templated":true}]}}