{"id":4421,"date":"2022-02-05T11:05:01","date_gmt":"2022-02-05T11:05:01","guid":{"rendered":"https:\/\/www.vidaldental.es\/?post_type=product&#038;p=4421"},"modified":"2023-03-08T16:46:06","modified_gmt":"2023-03-08T16:46:06","slug":"test-para-autoclaves-bowie-dick-euronda-ref-243001","status":"publish","type":"product","link":"https:\/\/www.vidaldental.es\/?product=test-para-autoclaves-bowie-dick-euronda-ref-243001","title":{"rendered":"Test para autoclaves BOWIE and DICK EURONDA Ref. 243001"},"content":{"rendered":"<h2>Test para autoclaves BOWIE &amp; DICK EURONDA<\/h2>\n<p>Test de funcionamiento de esterilizaci\u00f3n.<\/p>\n<p>El test de\u00a0<strong>Bowie &amp; Dick<\/strong>\u00a0permite comprobar la evacuaci\u00f3n correcta del aire de la c\u00e1mara de esterilizaci\u00f3n y, en consecuencia, la total penetraci\u00f3n del vapor en las cargas porosas (por ejemplo, bandanas o batas).<\/p>\n<p>El test de\u00a0<strong>Bowie &amp; Dick<\/strong>\u00a0simula el funcionamiento del aparato en relaci\u00f3n con la esterilizaci\u00f3n de cargas porosas, en particular eval\u00faa:<\/p>\n<ul>\n<li>la eficacia del vac\u00edo preliminar y, por lo tanto, la penetraci\u00f3n del vapor en las cavidades;<\/li>\n<li>valores de temperatura y presi\u00f3n del vapor saturado durante la fase de esterilizaci\u00f3n.<\/li>\n<\/ul>\n<p>Contenido:\u00a01 caja de 10 unidades.<\/p>\n<p><strong>Para realizar el test se debe proceder de la siguiente manera:<\/strong><\/p>\n<ul>\n<li>Se realiza la prueba de vac\u00edo<\/li>\n<li>Se introduce el test de Bowie &amp; Dick en el autoclave, debe colocarse solo (sin ning\u00fan otro instrumental) en el centro de la superficie inferior de la c\u00e1mara de esterilizaci\u00f3n (en estas condiciones, la cantidad de aire que debe eliminarse es mayor y la prueba es m\u00e1s cr\u00edtica). El paquete de prueba contiene en su interior una hoja de papel espec\u00edfica sobre la que se ha aplicado una tinta (indicador qu\u00edmico) que cambiar\u00e1 de manera uniforme y homog\u00e9nea desde la periferia hasta el centro.<\/li>\n<li>En el autoclave, se selecciona e inicia el programa correspondiente para realizar el test de Bowie &amp; Dick (el programa efect\u00faa un ciclo de esterilizaci\u00f3n completo a 134 \u00b0C a 2,1 atm\u00f3sferas durante un tiempo de esterilizaci\u00f3n de 3\u201930\u00bb).<\/li>\n<li>Se observa la hoja y se comprueba si el viraje del color se ha producido de manera uniforme y con la misma intensidad desde el centro hasta la periferia y se compara el resultado obtenido con los que se muestran en la tabla de interpretaci\u00f3n.<\/li>\n<\/ul>\n","protected":false},"excerpt":{"rendered":"<p><strong>*Contacte con nosotros para conocer disponibilidad y ofertas<\/strong><\/p>\n","protected":false},"featured_media":4422,"template":"","meta":[],"product_cat":[95,37,34],"product_tag":[],"_links":{"self":[{"href":"https:\/\/www.vidaldental.es\/index.php?rest_route=\/wp\/v2\/product\/4421"}],"collection":[{"href":"https:\/\/www.vidaldental.es\/index.php?rest_route=\/wp\/v2\/product"}],"about":[{"href":"https:\/\/www.vidaldental.es\/index.php?rest_route=\/wp\/v2\/types\/product"}],"wp:featuredmedia":[{"embeddable":true,"href":"https:\/\/www.vidaldental.es\/index.php?rest_route=\/wp\/v2\/media\/4422"}],"wp:attachment":[{"href":"https:\/\/www.vidaldental.es\/index.php?rest_route=%2Fwp%2Fv2%2Fmedia&parent=4421"}],"wp:term":[{"taxonomy":"product_cat","embeddable":true,"href":"https:\/\/www.vidaldental.es\/index.php?rest_route=%2Fwp%2Fv2%2Fproduct_cat&post=4421"},{"taxonomy":"product_tag","embeddable":true,"href":"https:\/\/www.vidaldental.es\/index.php?rest_route=%2Fwp%2Fv2%2Fproduct_tag&post=4421"}],"curies":[{"name":"wp","href":"https:\/\/api.w.org\/{rel}","templated":true}]}}