{"id":4450,"date":"2022-02-07T11:06:09","date_gmt":"2022-02-07T11:06:09","guid":{"rendered":"https:\/\/www.vidaldental.es\/?post_type=product&#038;p=4450"},"modified":"2023-03-08T16:25:56","modified_gmt":"2023-03-08T16:25:56","slug":"piezosurgery-touch-basic-1-mectron-ref-05120054","status":"publish","type":"product","link":"https:\/\/www.vidaldental.es\/?product=piezosurgery-touch-basic-1-mectron-ref-05120054","title":{"rendered":"Piezosurgery TOUCH BASIC 1 MECTRON Ref. 05120054"},"content":{"rendered":"<h2>Equipo cirug\u00eda Piezosurgery TOUCH BASIC 1 MECTRON<\/h2>\n<p>Equipo de cirug\u00eda piezo el\u00e9ctrica t\u00e1ctil, con funciones de Endo y Perio en el modo ultras\u00f3nico convencional, as\u00ed como Cortical , Esponjoso e Implantes en el modo de trabajo quir\u00fargico.<\/p>\n<p>&nbsp;<\/p>\n<p>Dotaci\u00f3n :<br \/>\n&#8211; 1 Piezas de mano con luz led<br \/>\n&#8211; 1 Llaves dinamom\u00e9tricas K5<br \/>\n&#8211; 3 L\u00e1minas protectoras<br \/>\n&#8211; 8 Tubos de silicona<br \/>\n&#8211; 2 Set de irrigaci\u00f3n<br \/>\nDimensiones y peso del equipo:<br \/>\nLargo &#8211; Ancho &#8211; Alto : 300x250x95 mm<br \/>\nPeso : 3,2 Kg<\/p>\n","protected":false},"excerpt":{"rendered":"<p><strong>*Contacte con nosotros para conocer disponibilidad y ofertas<\/strong><\/p>\n","protected":false},"featured_media":4451,"template":"","meta":[],"product_cat":[48,50,37,34],"product_tag":[],"_links":{"self":[{"href":"https:\/\/www.vidaldental.es\/index.php?rest_route=\/wp\/v2\/product\/4450"}],"collection":[{"href":"https:\/\/www.vidaldental.es\/index.php?rest_route=\/wp\/v2\/product"}],"about":[{"href":"https:\/\/www.vidaldental.es\/index.php?rest_route=\/wp\/v2\/types\/product"}],"wp:featuredmedia":[{"embeddable":true,"href":"https:\/\/www.vidaldental.es\/index.php?rest_route=\/wp\/v2\/media\/4451"}],"wp:attachment":[{"href":"https:\/\/www.vidaldental.es\/index.php?rest_route=%2Fwp%2Fv2%2Fmedia&parent=4450"}],"wp:term":[{"taxonomy":"product_cat","embeddable":true,"href":"https:\/\/www.vidaldental.es\/index.php?rest_route=%2Fwp%2Fv2%2Fproduct_cat&post=4450"},{"taxonomy":"product_tag","embeddable":true,"href":"https:\/\/www.vidaldental.es\/index.php?rest_route=%2Fwp%2Fv2%2Fproduct_tag&post=4450"}],"curies":[{"name":"wp","href":"https:\/\/api.w.org\/{rel}","templated":true}]}}