{"id":4459,"date":"2022-02-07T16:07:56","date_gmt":"2022-02-07T16:07:56","guid":{"rendered":"https:\/\/www.vidaldental.es\/?post_type=product&#038;p=4459"},"modified":"2023-03-08T16:25:24","modified_gmt":"2023-03-08T16:25:24","slug":"inserto-osteotomia-ot8l-sierra-angulada-izquierda-mectron-ref-03370013","status":"publish","type":"product","link":"https:\/\/www.vidaldental.es\/?product=inserto-osteotomia-ot8l-sierra-angulada-izquierda-mectron-ref-03370013","title":{"rendered":"Inserto Osteotom\u00eda OT8L sierra angulada izquierda MECTRON Ref. 03370013"},"content":{"rendered":"<h2>Inserto Osteotom\u00eda OT8L sierra angulada izquierda MECTRON<\/h2>\n<p>Punta de cirug\u00eda para PIEZOSURGERY\u00a0 con sierra angular izquierda, 0.6 mm.<\/p>\n<p>Indicado para osteotom\u00eda horizontal. Para toda la t\u00e9cnica de osteotom\u00eda en maxilar y mand\u00edbula e injerto de bloque \u00f3seo.<\/p>\n<p>Recubrimiento de nitruro de titanio.<\/p>\n","protected":false},"excerpt":{"rendered":"<p><strong>*Contacte con nosotros para conocer disponibilidad y ofertas<\/strong><\/p>\n","protected":false},"featured_media":4461,"template":"","meta":[],"product_cat":[50,37,96,34],"product_tag":[],"_links":{"self":[{"href":"https:\/\/www.vidaldental.es\/index.php?rest_route=\/wp\/v2\/product\/4459"}],"collection":[{"href":"https:\/\/www.vidaldental.es\/index.php?rest_route=\/wp\/v2\/product"}],"about":[{"href":"https:\/\/www.vidaldental.es\/index.php?rest_route=\/wp\/v2\/types\/product"}],"wp:featuredmedia":[{"embeddable":true,"href":"https:\/\/www.vidaldental.es\/index.php?rest_route=\/wp\/v2\/media\/4461"}],"wp:attachment":[{"href":"https:\/\/www.vidaldental.es\/index.php?rest_route=%2Fwp%2Fv2%2Fmedia&parent=4459"}],"wp:term":[{"taxonomy":"product_cat","embeddable":true,"href":"https:\/\/www.vidaldental.es\/index.php?rest_route=%2Fwp%2Fv2%2Fproduct_cat&post=4459"},{"taxonomy":"product_tag","embeddable":true,"href":"https:\/\/www.vidaldental.es\/index.php?rest_route=%2Fwp%2Fv2%2Fproduct_tag&post=4459"}],"curies":[{"name":"wp","href":"https:\/\/api.w.org\/{rel}","templated":true}]}}