{"id":4464,"date":"2022-02-07T16:22:25","date_gmt":"2022-02-07T16:22:25","guid":{"rendered":"https:\/\/www.vidaldental.es\/?post_type=product&#038;p=4464"},"modified":"2023-03-08T16:25:08","modified_gmt":"2023-03-08T16:25:08","slug":"inserto-osteotomia-ot7s-4-micro-sierra-principal-mectron-ref-03370014","status":"publish","type":"product","link":"https:\/\/www.vidaldental.es\/?product=inserto-osteotomia-ot7s-4-micro-sierra-principal-mectron-ref-03370014","title":{"rendered":"Inserto Osteotom\u00eda OT7S-4 micro sierra principal MECTRON Ref. 03370014"},"content":{"rendered":"<h2>Inserto Osteotom\u00eda OT7S-4 micro sierra principal MECTRON<\/h2>\n<p>Punta de cirug\u00eda para PIEZOSURGERY con micro-sierra principal 0.35 mm (4 dientes)<\/p>\n<p>Para\u00a0osteotom\u00eda de alta efectividad y precisi\u00f3n.<\/p>\n<p>Aplicaci\u00f3n cl\u00ednica: osteotom\u00eda muy delgada, corticotom\u00eda para la t\u00e9cnica de microcirug\u00eda de ortodoncia, separaci\u00f3n de ra\u00edces en la t\u00e9cnica de extracci\u00f3n dental y cirug\u00eda periodontal.<\/p>\n","protected":false},"excerpt":{"rendered":"<p><strong>*Contacte con nosotros para conocer disponibilidad y ofertas<\/strong><\/p>\n","protected":false},"featured_media":4465,"template":"","meta":[],"product_cat":[50,37,96,34],"product_tag":[],"_links":{"self":[{"href":"https:\/\/www.vidaldental.es\/index.php?rest_route=\/wp\/v2\/product\/4464"}],"collection":[{"href":"https:\/\/www.vidaldental.es\/index.php?rest_route=\/wp\/v2\/product"}],"about":[{"href":"https:\/\/www.vidaldental.es\/index.php?rest_route=\/wp\/v2\/types\/product"}],"wp:featuredmedia":[{"embeddable":true,"href":"https:\/\/www.vidaldental.es\/index.php?rest_route=\/wp\/v2\/media\/4465"}],"wp:attachment":[{"href":"https:\/\/www.vidaldental.es\/index.php?rest_route=%2Fwp%2Fv2%2Fmedia&parent=4464"}],"wp:term":[{"taxonomy":"product_cat","embeddable":true,"href":"https:\/\/www.vidaldental.es\/index.php?rest_route=%2Fwp%2Fv2%2Fproduct_cat&post=4464"},{"taxonomy":"product_tag","embeddable":true,"href":"https:\/\/www.vidaldental.es\/index.php?rest_route=%2Fwp%2Fv2%2Fproduct_tag&post=4464"}],"curies":[{"name":"wp","href":"https:\/\/api.w.org\/{rel}","templated":true}]}}