{"id":4468,"date":"2022-02-07T16:35:19","date_gmt":"2022-02-07T16:35:19","guid":{"rendered":"https:\/\/www.vidaldental.es\/?post_type=product&#038;p=4468"},"modified":"2023-03-08T16:24:48","modified_gmt":"2023-03-08T16:24:48","slug":"inserto-osteotomia-ot12s-mectron-ref-03370021","status":"publish","type":"product","link":"https:\/\/www.vidaldental.es\/?product=inserto-osteotomia-ot12s-mectron-ref-03370021","title":{"rendered":"Inserto Osteotom\u00eda OT12S MECTRON Ref. 03370021"},"content":{"rendered":"<h2>Inserto Osteotom\u00eda OT12S 0,25mm MECTRON<\/h2>\n<p>Punta de corte de hueso para osteotom\u00eda. Corte preciso y r\u00e1pido.<\/p>\n<p>Solo 0,25 mm de espesor.<\/p>\n<p>Para t\u00e9cnicas de dif\u00edcil acceso quir\u00fargico como Osteotom\u00eda bilateral sagital y Osteotom\u00eda Le Fort I.<\/p>\n","protected":false},"excerpt":{"rendered":"<p><strong>*Contacte con nosotros para conocer disponibilidad y ofertas<\/strong><\/p>\n","protected":false},"featured_media":4467,"template":"","meta":[],"product_cat":[50,37,96,34],"product_tag":[],"_links":{"self":[{"href":"https:\/\/www.vidaldental.es\/index.php?rest_route=\/wp\/v2\/product\/4468"}],"collection":[{"href":"https:\/\/www.vidaldental.es\/index.php?rest_route=\/wp\/v2\/product"}],"about":[{"href":"https:\/\/www.vidaldental.es\/index.php?rest_route=\/wp\/v2\/types\/product"}],"wp:featuredmedia":[{"embeddable":true,"href":"https:\/\/www.vidaldental.es\/index.php?rest_route=\/wp\/v2\/media\/4467"}],"wp:attachment":[{"href":"https:\/\/www.vidaldental.es\/index.php?rest_route=%2Fwp%2Fv2%2Fmedia&parent=4468"}],"wp:term":[{"taxonomy":"product_cat","embeddable":true,"href":"https:\/\/www.vidaldental.es\/index.php?rest_route=%2Fwp%2Fv2%2Fproduct_cat&post=4468"},{"taxonomy":"product_tag","embeddable":true,"href":"https:\/\/www.vidaldental.es\/index.php?rest_route=%2Fwp%2Fv2%2Fproduct_tag&post=4468"}],"curies":[{"name":"wp","href":"https:\/\/api.w.org\/{rel}","templated":true}]}}