{"id":4672,"date":"2022-02-26T18:23:37","date_gmt":"2022-02-26T18:23:37","guid":{"rendered":"https:\/\/www.vidaldental.es\/?post_type=product&#038;p=4672"},"modified":"2023-03-08T16:04:50","modified_gmt":"2023-03-08T16:04:50","slug":"set-implantologia-alle-euronda-ref-270105","status":"publish","type":"product","link":"https:\/\/www.vidaldental.es\/?product=set-implantologia-alle-euronda-ref-270105","title":{"rendered":"Set Implantolog\u00eda ALLE EURONDA Ref. 270105"},"content":{"rendered":"<h2>Set Implantolog\u00eda ALLE EURONDA<\/h2>\n<p>La mejor protecci\u00f3n para todas las intervenciones de implantolog\u00eda. Set dise\u00f1ado espec\u00edficamente para implantolog\u00eda, creado y compartido con m\u00e9dicos expertos en cirug\u00eda dental.<\/p>\n<p>Contenido:<\/p>\n<ul>\n<li>Bata est\u00e1ndar con pu\u00f1os de algod\u00f3n de TNT. Talla \u00fanica. 3 uds.<\/li>\n<li>Gorro con lazos posteriores de TNT. Talla \u00fanica. 1 ud.<\/li>\n<li>Cofia con el\u00e1stico de TNT. Talla \u00fanica. 2 uds.<\/li>\n<li>Mascarilla Monoart\u00ae PTC3 de TNT. Talla \u00fanica. 3 uds<\/li>\n<li>Talla quir\u00fargica TNT + polietileno. Medidas 75 x 90 cm. 1 ud.<\/li>\n<li>Talla quir\u00fargica TNT + polietilen. Medidas 50 x 50 cm. 2 uds.<\/li>\n<li>Talla fenestrada central y sin adhesivo de TNT + polietileno. Medidas 50 x 75 cm &#8211; \u00d8 6 cm. 1 ud<\/li>\n<li>Toallas secamanos en papel Celulosa. Medidas 30 x 40 cm. 2 uds<\/li>\n<\/ul>\n<p>Envasado en un bl\u00edster m\u00e9dico est\u00e9ril con doble etiqueta adhesiva. Los componentes est\u00e1n doblados individualmente y envueltos en papel m\u00e9dico.<\/p>\n<p>59 meses de esterilidad garantizada desde la fecha de fabricaci\u00f3n.<\/p>\n","protected":false},"excerpt":{"rendered":"<p><strong>*Contacte con nosotros para conocer disponibilidad y ofertas<\/strong><\/p>\n","protected":false},"featured_media":4673,"template":"","meta":[],"product_cat":[50,37,88,34],"product_tag":[],"_links":{"self":[{"href":"https:\/\/www.vidaldental.es\/index.php?rest_route=\/wp\/v2\/product\/4672"}],"collection":[{"href":"https:\/\/www.vidaldental.es\/index.php?rest_route=\/wp\/v2\/product"}],"about":[{"href":"https:\/\/www.vidaldental.es\/index.php?rest_route=\/wp\/v2\/types\/product"}],"wp:featuredmedia":[{"embeddable":true,"href":"https:\/\/www.vidaldental.es\/index.php?rest_route=\/wp\/v2\/media\/4673"}],"wp:attachment":[{"href":"https:\/\/www.vidaldental.es\/index.php?rest_route=%2Fwp%2Fv2%2Fmedia&parent=4672"}],"wp:term":[{"taxonomy":"product_cat","embeddable":true,"href":"https:\/\/www.vidaldental.es\/index.php?rest_route=%2Fwp%2Fv2%2Fproduct_cat&post=4672"},{"taxonomy":"product_tag","embeddable":true,"href":"https:\/\/www.vidaldental.es\/index.php?rest_route=%2Fwp%2Fv2%2Fproduct_tag&post=4672"}],"curies":[{"name":"wp","href":"https:\/\/api.w.org\/{rel}","templated":true}]}}