{"id":4680,"date":"2022-02-26T18:53:36","date_gmt":"2022-02-26T18:53:36","guid":{"rendered":"https:\/\/www.vidaldental.es\/?post_type=product&#038;p=4680"},"modified":"2023-03-08T16:04:18","modified_gmt":"2023-03-08T16:04:18","slug":"set-para-doctor-alle-euronda-ref-270126","status":"publish","type":"product","link":"https:\/\/www.vidaldental.es\/?product=set-para-doctor-alle-euronda-ref-270126","title":{"rendered":"Set para Doctor ALLE EURONDA Ref. 270126"},"content":{"rendered":"<h2>Set para doctor ALLE EURONDA<\/h2>\n<div class=\"mdl-text\">\n<p>Sistema barrera para las intervenciones diarias.<\/p>\n<p>Set pensado especialmente para odont\u00f3logos, para las intervenciones rutinarias de corta duraci\u00f3n. Nueva composici\u00f3n con la bata en microfibra SMS para una mayor comodidad del operador.<\/p>\n<p>Sistema barrera para las intervenciones diarias.<\/p>\n<p>Contenido:<\/p>\n<ul>\n<li>Bata en microfibra SMS de TNT. Talla L. 1 ud.<\/li>\n<li>Gorro con lazos posteriores de TNT. Talla \u00fanica, 1 ud.<\/li>\n<li>Mascarilla Monoart\u00ae PTC3. CPE. Talla \u00fanica, 2 uds.<\/li>\n<\/ul>\n<p>59 meses de esterilidad garantizada desde la fecha de fabricaci\u00f3n.<\/p>\n<\/div>\n","protected":false},"excerpt":{"rendered":"<p><strong>*Contacte con nosotros para conocer disponibilidad y ofertas<\/strong><\/p>\n","protected":false},"featured_media":4681,"template":"","meta":[],"product_cat":[50,37,88,34],"product_tag":[],"_links":{"self":[{"href":"https:\/\/www.vidaldental.es\/index.php?rest_route=\/wp\/v2\/product\/4680"}],"collection":[{"href":"https:\/\/www.vidaldental.es\/index.php?rest_route=\/wp\/v2\/product"}],"about":[{"href":"https:\/\/www.vidaldental.es\/index.php?rest_route=\/wp\/v2\/types\/product"}],"wp:featuredmedia":[{"embeddable":true,"href":"https:\/\/www.vidaldental.es\/index.php?rest_route=\/wp\/v2\/media\/4681"}],"wp:attachment":[{"href":"https:\/\/www.vidaldental.es\/index.php?rest_route=%2Fwp%2Fv2%2Fmedia&parent=4680"}],"wp:term":[{"taxonomy":"product_cat","embeddable":true,"href":"https:\/\/www.vidaldental.es\/index.php?rest_route=%2Fwp%2Fv2%2Fproduct_cat&post=4680"},{"taxonomy":"product_tag","embeddable":true,"href":"https:\/\/www.vidaldental.es\/index.php?rest_route=%2Fwp%2Fv2%2Fproduct_tag&post=4680"}],"curies":[{"name":"wp","href":"https:\/\/api.w.org\/{rel}","templated":true}]}}