{"id":4685,"date":"2022-02-27T12:27:40","date_gmt":"2022-02-27T12:27:40","guid":{"rendered":"https:\/\/www.vidaldental.es\/?post_type=product&#038;p=4685"},"modified":"2023-03-08T16:03:58","modified_gmt":"2023-03-08T16:03:58","slug":"yeso-kimberlit-tipo-iv-dorado-eco-pack-protechno-ref-1105-120","status":"publish","type":"product","link":"https:\/\/www.vidaldental.es\/?product=yeso-kimberlit-tipo-iv-dorado-eco-pack-protechno-ref-1105-120","title":{"rendered":"Yeso KIMBERLIT (Tipo IV) Dorado Eco-Pack PROTECHNO Ref. 1105-120"},"content":{"rendered":"<h2>Yeso KIMBERLIT (Tipo IV) Dorado Eco-Pack 12 kg PROTECHNO<\/h2>\n<p>Yeso natural extraduro de alta densidad. Ideal para pr\u00f3tesis fijas, mu\u00f1ones y modelos.<\/p>\n<p>MODELOS EN 20 MINUTOS. Compatible CAD\/CAM.<br \/>\nISO 6873 TIPO: 4<\/p>\n<p>Relaci\u00f3n de mezcla: 20 ml\/100 g Tiempo trabajo: 7 min Fraguado final: 13 min Expansi\u00f3n: 0,08 % Resistencia a la compresi\u00f3n 1h: 58 Mpa<\/p>\n<p><strong>VENTAJAS<\/strong><\/p>\n<p>Este producto satisface las m\u00e1s altas exigencias del profesional:<\/p>\n<p>Gran estabilidad dimensional<br \/>\nSuperficies muy lisas y duras<br \/>\nGran resistencia a las rayadas y a la abrasi\u00f3n<br \/>\n\u00d3ptima definici\u00f3n de detalles<br \/>\nElevada resistencia a la rotura<br \/>\nYeso altamente tixotr\u00f3pico con consistencia \u00f3ptima de colado y manipulaci\u00f3n<\/p>\n<p>&nbsp;<\/p>\n<p>Color dorado. 12 kg (6 x 2000g)<\/p>\n","protected":false},"excerpt":{"rendered":"<p><strong>*Contacte con nosotros para conocer disponibilidad y ofertas<\/strong><\/p>\n","protected":false},"featured_media":4686,"template":"","meta":[],"product_cat":[38,34,106],"product_tag":[],"_links":{"self":[{"href":"https:\/\/www.vidaldental.es\/index.php?rest_route=\/wp\/v2\/product\/4685"}],"collection":[{"href":"https:\/\/www.vidaldental.es\/index.php?rest_route=\/wp\/v2\/product"}],"about":[{"href":"https:\/\/www.vidaldental.es\/index.php?rest_route=\/wp\/v2\/types\/product"}],"wp:featuredmedia":[{"embeddable":true,"href":"https:\/\/www.vidaldental.es\/index.php?rest_route=\/wp\/v2\/media\/4686"}],"wp:attachment":[{"href":"https:\/\/www.vidaldental.es\/index.php?rest_route=%2Fwp%2Fv2%2Fmedia&parent=4685"}],"wp:term":[{"taxonomy":"product_cat","embeddable":true,"href":"https:\/\/www.vidaldental.es\/index.php?rest_route=%2Fwp%2Fv2%2Fproduct_cat&post=4685"},{"taxonomy":"product_tag","embeddable":true,"href":"https:\/\/www.vidaldental.es\/index.php?rest_route=%2Fwp%2Fv2%2Fproduct_tag&post=4685"}],"curies":[{"name":"wp","href":"https:\/\/api.w.org\/{rel}","templated":true}]}}