{"id":4769,"date":"2022-03-15T17:29:31","date_gmt":"2022-03-15T17:29:31","guid":{"rendered":"https:\/\/www.vidaldental.es\/?post_type=product&#038;p=4769"},"modified":"2023-02-16T17:13:51","modified_gmt":"2023-02-16T17:13:51","slug":"dispositivo-de-mantenimiento-quattrocare-de-kavo-ref-1-008-3805","status":"publish","type":"product","link":"https:\/\/www.vidaldental.es\/?product=dispositivo-de-mantenimiento-quattrocare-de-kavo-ref-1-008-3805","title":{"rendered":"Dispositivo de mantenimiento QUATTROCARE PLUS KAVO Ref. 1.008.3805"},"content":{"rendered":"<h2><strong>Dispositivo de mantenimiento QUATTROCARE KAVO Ref. 1.008.3805<\/strong><\/h2>\n<p>Con el QUATTROcare KaVo ha sentado nuevos est\u00e1ndares en lo que respecta al mantenimiento de los instrumentos. Con ciclos autom\u00e1ticos programados para limpieza y mantenimiento de instrumentos y turbinas con conexi\u00f3n de aire.<\/p>\n<p>Cuatro instrumentos en aprox. un minuto. F\u00e1cil, con s\u00f3lo pulsar un bot\u00f3n.<\/p>\n<p><span class=\"block\">La longevidad no s\u00f3lo es una cuesti\u00f3n de calidad del producto sino tambi\u00e9n de un mantenimiento apropiado.<\/span><\/p>\n<p>Con el sistema de mantenimiento QUATTROcare, KaVo ha sentado, a nivel mundial, nuevas bases en lo que respecta a la eficacia en el mantenimiento de los instrumentos. El innovador sistema de mantenimiento QUATTROcare PLUS de KaVo presenta<\/p>\n<ul>\n<li><span class=\"block\">una precisi\u00f3n<\/span><\/li>\n<li><span class=\"block\">rentabilidad y<\/span><\/li>\n<li><span class=\"block\">sencillez de manejo desconocidas hasta la fecha.<\/span><\/li>\n<\/ul>\n<p><span class=\"block\">Perfecto para todos sus instrumentos de uso diario en su consulta.\u00a0<\/span><\/p>\n","protected":false},"excerpt":{"rendered":"<p>*Consultar oferta<\/p>\n","protected":false},"featured_media":4771,"template":"","meta":[],"product_cat":[48,37,44,34,113],"product_tag":[],"_links":{"self":[{"href":"https:\/\/www.vidaldental.es\/index.php?rest_route=\/wp\/v2\/product\/4769"}],"collection":[{"href":"https:\/\/www.vidaldental.es\/index.php?rest_route=\/wp\/v2\/product"}],"about":[{"href":"https:\/\/www.vidaldental.es\/index.php?rest_route=\/wp\/v2\/types\/product"}],"wp:featuredmedia":[{"embeddable":true,"href":"https:\/\/www.vidaldental.es\/index.php?rest_route=\/wp\/v2\/media\/4771"}],"wp:attachment":[{"href":"https:\/\/www.vidaldental.es\/index.php?rest_route=%2Fwp%2Fv2%2Fmedia&parent=4769"}],"wp:term":[{"taxonomy":"product_cat","embeddable":true,"href":"https:\/\/www.vidaldental.es\/index.php?rest_route=%2Fwp%2Fv2%2Fproduct_cat&post=4769"},{"taxonomy":"product_tag","embeddable":true,"href":"https:\/\/www.vidaldental.es\/index.php?rest_route=%2Fwp%2Fv2%2Fproduct_tag&post=4769"}],"curies":[{"name":"wp","href":"https:\/\/api.w.org\/{rel}","templated":true}]}}