{"id":4772,"date":"2022-03-15T17:38:39","date_gmt":"2022-03-15T17:38:39","guid":{"rendered":"https:\/\/www.vidaldental.es\/?post_type=product&#038;p=4772"},"modified":"2023-02-17T11:31:07","modified_gmt":"2023-02-17T11:31:07","slug":"mastertorque-turbina-dental-kavo-ref-1-008-5400","status":"publish","type":"product","link":"https:\/\/www.vidaldental.es\/?product=mastertorque-turbina-dental-kavo-ref-1-008-5400","title":{"rendered":"Turbina dental MASTERTorque LUX M9000LS KAVO Ref. 1.008.5400"},"content":{"rendered":"<h2><strong>MASTERTorque M9000L Turbina dental KAVO Ref. 1.008.5400<\/strong><\/h2>\n<p>Con Direct Stop Technology (DST)<\/p>\n<div class=\"field field-name-body field-type-text-with-summary field-label-hidden\">\n<div class=\"field-items\">\n<div class=\"field-item even\">\n<p>Parada r\u00e1pida &#8211; con seguridad. La Direct Stop Technology (DST) reduce el tiempo hasta la inmovilizaci\u00f3n de la KaVo MASTERtorque en aprox. 60 %, parando en s\u00f3lo un segundo ( valor promedio). Las mejores condiciones para un trabajo seguro y relajado.<\/p>\n<p>Potente: un 20 % m\u00e1s de potencia, ~ 31 vatios<br \/>\nExtremadamente silenciosa: 57 dB(A)<\/p>\n<\/div>\n<\/div>\n<\/div>\n","protected":false},"excerpt":{"rendered":"<p>*Consultar oferta<\/p>\n","protected":false},"featured_media":4774,"template":"","meta":[],"product_cat":[48,37,34,113],"product_tag":[],"_links":{"self":[{"href":"https:\/\/www.vidaldental.es\/index.php?rest_route=\/wp\/v2\/product\/4772"}],"collection":[{"href":"https:\/\/www.vidaldental.es\/index.php?rest_route=\/wp\/v2\/product"}],"about":[{"href":"https:\/\/www.vidaldental.es\/index.php?rest_route=\/wp\/v2\/types\/product"}],"wp:featuredmedia":[{"embeddable":true,"href":"https:\/\/www.vidaldental.es\/index.php?rest_route=\/wp\/v2\/media\/4774"}],"wp:attachment":[{"href":"https:\/\/www.vidaldental.es\/index.php?rest_route=%2Fwp%2Fv2%2Fmedia&parent=4772"}],"wp:term":[{"taxonomy":"product_cat","embeddable":true,"href":"https:\/\/www.vidaldental.es\/index.php?rest_route=%2Fwp%2Fv2%2Fproduct_cat&post=4772"},{"taxonomy":"product_tag","embeddable":true,"href":"https:\/\/www.vidaldental.es\/index.php?rest_route=%2Fwp%2Fv2%2Fproduct_tag&post=4772"}],"curies":[{"name":"wp","href":"https:\/\/api.w.org\/{rel}","templated":true}]}}