{"id":4784,"date":"2022-03-16T17:14:26","date_gmt":"2022-03-16T17:14:26","guid":{"rendered":"https:\/\/www.vidaldental.es\/?post_type=product&#038;p=4784"},"modified":"2023-02-16T17:10:27","modified_gmt":"2023-02-16T17:10:27","slug":"lubricante-kavo-spray-universal-kavo-ref-0-411-9640","status":"publish","type":"product","link":"https:\/\/www.vidaldental.es\/?product=lubricante-kavo-spray-universal-kavo-ref-0-411-9640","title":{"rendered":"Lubricante KAVO SPRAY universal KAVO Ref. 0.411.9640"},"content":{"rendered":"<h2 style=\"text-align: left\"><strong>Lubricante KAVO SPRAY universal KAVO Ref. 0.411.9640<\/strong><\/h2>\n<div class=\"row top-row\">\n<div id=\"product-top-right\" class=\"col-md-6\">\n<div class=\"field field-name-body field-type-text-with-summary field-label-hidden\">\n<div class=\"field-items\">\n<div class=\"field-item even\">\n<p>Mantenimiento universal de primera calidad para todos los instrumentos, turbinas, cabezas y motores de aire de KaVo. El mantenimiento correcto con el KaVo Spray ahorra tiempo, dinero y nervios.<\/p>\n<p>Con el spray de Kavo su trabajo diario ser\u00e1 menos duro; y todo, sin perjudicar el medio ambiente, ya que este spray cuida sus instrumentos KaVo de alto valor y precisi\u00f3n de la mejor manera. Justo all\u00e1, donde lo necesita. Y sin hidrocarburo fluorado.<\/p>\n<ul>\n<li>Bote individual con marca azul 500ml de KAVO Spray permiten aprox. 350 ciclos de mantenimiento<\/li>\n<li>Sin equivocaciones. Un s\u00f3lo spray sirve para todos los contra-\u00e1ngulos, piezas de mano y cabezas INTRA, as\u00ed como para las turbinas de KaVo<\/li>\n<li>Las dos cabezas de rociado m\u00faltiple \u00abMultiflex\u00bb e \u00abINTRA\u00bb se pueden reutilizar siempre y pueden cambiarse del bote vac\u00edo al bote lleno sin problemas. Por lo que est\u00e1 soluci\u00f3n no s\u00f3lo resulta econ\u00f3mica para su bolsillo sino que, adem\u00e1s, es respetuosa con el medio ambiente<\/li>\n<li>Propelente ecol\u00f3gico<\/li>\n<\/ul>\n<\/div>\n<\/div>\n<\/div>\n<\/div>\n<\/div>\n<section id=\"product-info\" class=\"row\">\n<div id=\"product-info-left\" class=\"col-md-12\"><\/div>\n<\/section>\n","protected":false},"excerpt":{"rendered":"<p>Lubricante KAVO SPRAY universal KAVO Ref. 0.411.9640 Mantenimiento universal de primera calidad para todos los instrumentos, turbinas, cabezas y motores de aire de KaVo. El mantenimiento correcto con el KaVo Spray ahorra tiempo, dinero y nervios. Con el spray de Kavo su trabajo diario ser\u00e1 menos duro; y todo, sin perjudicar el medio ambiente, ya &#8230; <a title=\"Lubricante KAVO SPRAY universal KAVO Ref. 0.411.9640\" class=\"read-more\" href=\"https:\/\/www.vidaldental.es\/?product=lubricante-kavo-spray-universal-kavo-ref-0-411-9640\" aria-label=\"M\u00e1s en Lubricante KAVO SPRAY universal KAVO Ref. 0.411.9640\">Leer m\u00e1s<\/a><\/p>\n","protected":false},"featured_media":4785,"template":"","meta":[],"product_cat":[37,114,34,113],"product_tag":[],"_links":{"self":[{"href":"https:\/\/www.vidaldental.es\/index.php?rest_route=\/wp\/v2\/product\/4784"}],"collection":[{"href":"https:\/\/www.vidaldental.es\/index.php?rest_route=\/wp\/v2\/product"}],"about":[{"href":"https:\/\/www.vidaldental.es\/index.php?rest_route=\/wp\/v2\/types\/product"}],"wp:featuredmedia":[{"embeddable":true,"href":"https:\/\/www.vidaldental.es\/index.php?rest_route=\/wp\/v2\/media\/4785"}],"wp:attachment":[{"href":"https:\/\/www.vidaldental.es\/index.php?rest_route=%2Fwp%2Fv2%2Fmedia&parent=4784"}],"wp:term":[{"taxonomy":"product_cat","embeddable":true,"href":"https:\/\/www.vidaldental.es\/index.php?rest_route=%2Fwp%2Fv2%2Fproduct_cat&post=4784"},{"taxonomy":"product_tag","embeddable":true,"href":"https:\/\/www.vidaldental.es\/index.php?rest_route=%2Fwp%2Fv2%2Fproduct_tag&post=4784"}],"curies":[{"name":"wp","href":"https:\/\/api.w.org\/{rel}","templated":true}]}}