{"id":4786,"date":"2022-03-16T17:50:42","date_gmt":"2022-03-16T17:50:42","guid":{"rendered":"https:\/\/www.vidaldental.es\/?post_type=product&#038;p=4786"},"modified":"2023-02-17T11:30:27","modified_gmt":"2023-02-17T11:30:27","slug":"cabeza-intra-prophy-l31-profilaxis-kavo-ref-1-008-1824","status":"publish","type":"product","link":"https:\/\/www.vidaldental.es\/?product=cabeza-intra-prophy-l31-profilaxis-kavo-ref-1-008-1824","title":{"rendered":"Cabeza INTRA PROPHY L31 PROFILAXIS KAVO Ref. 1.008.1824"},"content":{"rendered":"<h2 style=\"text-align: left\"><strong>Cabeza INTRA PROPHY L31 PROFILAXIS KAVO Ref. 1.008.1824<\/strong><\/h2>\n<p>Reducci\u00f3n 2:1. Acepta cepillos y gomas roscados o a presi\u00f3n de 2,35mm<\/p>\n<div class=\"row\">\n<div class=\"col-md-8\">\n<ul>\n<li>Vers\u00e1tiles sin l\u00edmite: las cabezas INTRA de KaVo est\u00e1n disponibles pr\u00e1cticamente para cualquier aplicaci\u00f3n: para las cl\u00e1sicas restauraciones, profilaxis, endodoncias, cirug\u00eda y mucho m\u00e1s.<\/li>\n<li>M\u00e1xima flexibilidad &#8211; las cabezas INTRA de KaVo se adaptan a cualquier base MASTERmatic de KaVo y a las antiguas bases LN\/LH\/CN\/CH. Gracias al sistema de montaje r\u00e1pido de KaVo se pueden retirar y cambiar f\u00e1cilmente las cabezas de manera sencilla y r\u00e1pida, dependiendo del \u00e1rea de indicaciones<\/li>\n<li>M\u00e1xima ergonom\u00eda\u00a0&#8211; Las cabezas especialmente peque\u00f1as ofrecen la mejor visibilidad del \u00e1rea de trabajo<\/li>\n<li>Simplemente seguras\u00a0\u2013 Todas las cabezas son esterilizables y termodesinfectables hasta 135\u00b0C.<\/li>\n<li>M\u00e1xima eficiencia\u00a0\u2013 En el uso diario, las cabezas INTRA de KaVo ahorran tiempo, cuidan el material, son flexibles y eficientes. Por eso no es necesario invertir en instrumentos inflexibles completos. Tras un uso prolongado durante a\u00f1os se debe sustituir la cabeza, mientras que el se puede seguir utilizando. \u00bfNecesita un nuevo instrumento dental para una nueva aplicaci\u00f3n? Ning\u00fan problema &#8211; tambi\u00e9n en este caso basta con invertir tan s\u00f3lo en una cabeza nueva<\/li>\n<\/ul>\n<\/div>\n<\/div>\n<p>&nbsp;<\/p>\n","protected":false},"excerpt":{"rendered":"<p>*Consultar oferta<\/p>\n","protected":false},"featured_media":4787,"template":"","meta":[],"product_cat":[37,44,46,34],"product_tag":[],"_links":{"self":[{"href":"https:\/\/www.vidaldental.es\/index.php?rest_route=\/wp\/v2\/product\/4786"}],"collection":[{"href":"https:\/\/www.vidaldental.es\/index.php?rest_route=\/wp\/v2\/product"}],"about":[{"href":"https:\/\/www.vidaldental.es\/index.php?rest_route=\/wp\/v2\/types\/product"}],"wp:featuredmedia":[{"embeddable":true,"href":"https:\/\/www.vidaldental.es\/index.php?rest_route=\/wp\/v2\/media\/4787"}],"wp:attachment":[{"href":"https:\/\/www.vidaldental.es\/index.php?rest_route=%2Fwp%2Fv2%2Fmedia&parent=4786"}],"wp:term":[{"taxonomy":"product_cat","embeddable":true,"href":"https:\/\/www.vidaldental.es\/index.php?rest_route=%2Fwp%2Fv2%2Fproduct_cat&post=4786"},{"taxonomy":"product_tag","embeddable":true,"href":"https:\/\/www.vidaldental.es\/index.php?rest_route=%2Fwp%2Fv2%2Fproduct_tag&post=4786"}],"curies":[{"name":"wp","href":"https:\/\/api.w.org\/{rel}","templated":true}]}}