{"id":4794,"date":"2022-03-19T12:10:50","date_gmt":"2022-03-19T12:10:50","guid":{"rendered":"https:\/\/www.vidaldental.es\/?post_type=product&#038;p=4794"},"modified":"2023-03-08T15:55:39","modified_gmt":"2023-03-08T15:55:39","slug":"contra-angulo-mastermatic-lux-m25l-kavo-ref-1-009-3630","status":"publish","type":"product","link":"https:\/\/www.vidaldental.es\/?product=contra-angulo-mastermatic-lux-m25l-kavo-ref-1-009-3630","title":{"rendered":"Contra-\u00e1ngulo MASTERmatic LUX M25L KAVO Ref. 1.009.3630"},"content":{"rendered":"<h2 style=\"text-align: left\"><strong>Contra-\u00e1ngulo MASTERmatic LUX M25L KAVO Ref. 1.009.3630<\/strong><\/h2>\n<h4>Los verdaderos maestros buscan la excelencia y no entienden de compromisos.<\/h4>\n<ol>\n<li>La m\u00e1s alta calidad de tratamiento<\/li>\n<li>M\u00e1ximo confort en el tratamiento.<\/li>\n<li>La mayor satisfacci\u00f3n del paciente<\/li>\n<\/ol>\n<p>Caracter\u00edsticas:<\/p>\n<ul>\n<li>Velocidad creciente 1: 5<\/li>\n<li>\u00a0Rodamientos de cer\u00e1mica<\/li>\n<li>\u00a0Rango de velocidad hasta 200.000 rpm<\/li>\n<li>\u00a0Refrigerante interno de aire \/ agua<\/li>\n<li>\u00a0Bot\u00f3n de presi\u00f3n de fricci\u00f3n auto-mandril<\/li>\n<li>\u00a0Conexi\u00f3n universal tipo \u00abE\u00bb<\/li>\n<\/ul>\n<ul>\n<li><strong>Dimensiones muy peque\u00f1as<\/strong>\u00a0para la mejor visibilidad, tambi\u00e9n durante preparaciones m\u00e1s complejas en el \u00e1rea molar<\/li>\n<li>Pinza de sujeci\u00f3n FG de alta tecnolog\u00eda para\u00a0<strong>lograr la mayor durabilidad y fiabilidad<\/strong><\/li>\n<li><strong>Spray de 3 toberas<\/strong>\u00a0con la m\u00e1s fina humidificaci\u00f3n para lograr una refrigeraci\u00f3n \u00f3ptima<\/li>\n<li><strong>El sistema de sujeci\u00f3n por bot\u00f3n KaVo<\/strong>\u00a0con una fuerza de sujeci\u00f3n de hasta 30 N, garantiza una sujeci\u00f3n segura de la fresa con una excelente comodidad de manejo<\/li>\n<li>Conductor de luz de barra de vidrio con 25.000 LUX para un reconocimiento seguro de los l\u00edmites de preparaci\u00f3n<\/li>\n<li><strong>Rodamientos de cer\u00e1mica original de KaVo<\/strong>\u00a0para una vida \u00fatil muy por encima de la media y un funcionamiento excelente y sin vibraciones<\/li>\n<li>Baja intensidad sonora, funcionamiento sin vibraciones durante el tratamiento (55 dB(A))<\/li>\n<li><strong>Combinaci\u00f3n de \u00e1ngulos de cabeza y zona de agarre de 100\u00b0\/19\u00b0 patentada por KaVo<\/strong>\u00a0para lograr la m\u00e1xima visibilidad y libertad de movimientos<\/li>\n<li><strong>Tecnolog\u00eda Triple-Gear para un funcionamiento<\/strong>\u00a0muy silencioso sin vibraciones molestas<\/li>\n<li>Desinfectable t\u00e9rmicamente y esterilizable hasta 135 \u00b0C<\/li>\n<li>Recubrimiento KaVo Plasmatec\u00a0<strong>para un agarre perfecto y una higiene excelente.<\/strong><\/li>\n<li>Se puede utilizar en todos los motores INTRAmatic LUX de KaVo o en motores con conexi\u00f3n seg\u00fan ISO 3964 \/ DIN 13940<\/li>\n<li><strong>Microfiltro de spray intercambiable para una\u00a0<\/strong>refrigeraci\u00f3n siempre efectiva y libre de aver\u00edas<\/li>\n<\/ul>\n","protected":false},"excerpt":{"rendered":"<p><strong>*Contacte con nosotros para conocer disponibilidad y ofertas<\/strong><\/p>\n","protected":false},"featured_media":4799,"template":"","meta":[],"product_cat":[48,37,44,34],"product_tag":[],"_links":{"self":[{"href":"https:\/\/www.vidaldental.es\/index.php?rest_route=\/wp\/v2\/product\/4794"}],"collection":[{"href":"https:\/\/www.vidaldental.es\/index.php?rest_route=\/wp\/v2\/product"}],"about":[{"href":"https:\/\/www.vidaldental.es\/index.php?rest_route=\/wp\/v2\/types\/product"}],"wp:featuredmedia":[{"embeddable":true,"href":"https:\/\/www.vidaldental.es\/index.php?rest_route=\/wp\/v2\/media\/4799"}],"wp:attachment":[{"href":"https:\/\/www.vidaldental.es\/index.php?rest_route=%2Fwp%2Fv2%2Fmedia&parent=4794"}],"wp:term":[{"taxonomy":"product_cat","embeddable":true,"href":"https:\/\/www.vidaldental.es\/index.php?rest_route=%2Fwp%2Fv2%2Fproduct_cat&post=4794"},{"taxonomy":"product_tag","embeddable":true,"href":"https:\/\/www.vidaldental.es\/index.php?rest_route=%2Fwp%2Fv2%2Fproduct_tag&post=4794"}],"curies":[{"name":"wp","href":"https:\/\/api.w.org\/{rel}","templated":true}]}}