{"id":4815,"date":"2022-03-19T13:25:33","date_gmt":"2022-03-19T13:25:33","guid":{"rendered":"https:\/\/www.vidaldental.es\/?post_type=product&#038;p=4815"},"modified":"2023-03-08T15:51:54","modified_gmt":"2023-03-08T15:51:54","slug":"contra-angulo-expertmatic-lux-e15l-kavo-ref-1-007-5530","status":"publish","type":"product","link":"https:\/\/www.vidaldental.es\/?product=contra-angulo-expertmatic-lux-e15l-kavo-ref-1-007-5530","title":{"rendered":"Contra-\u00e1ngulo EXPERTmatic LUX E15L KAVO Ref. 1.007.5530"},"content":{"rendered":"<h2 style=\"text-align: left\">Contra-\u00e1ngulo EXPERTmatic LUX E15L KAVO Ref. 1.007.5530<\/h2>\n<ul>\n<li>Contra-\u00e1ngulo reductor 4:1.<\/li>\n<li>Con LUZ.<\/li>\n<li>Sistema de agarre reforzado en todos los instrumentos con eje de fresa de contra-\u00e1ngulo.<\/li>\n<li>Sujeci\u00f3n por bot\u00f3n para fresas de contra-\u00e1ngulo 2,35 mm.<\/li>\n<li>Refrigeraci\u00f3n optimizada de las fresas gracias a un suministro del aire y del agua de spray independientes.<\/li>\n<li>Las piezas de mano autom\u00e1ticas KaVo Expert y piezas angulares logran la m\u00e1xima eficiencia con total fiabilidad.<\/li>\n<li>Transmisi\u00f3n: 5,4:1.<\/li>\n<li>Tiene superficie EXPERTgrip.<\/li>\n<li>Barra de vidrio conductor de luz LUX (25.000 Lux).<\/li>\n<li>Lavable en el termo-desinfector.<\/li>\n<li>Esterilizable hasta 135\u00b0 C<\/li>\n<\/ul>\n","protected":false},"excerpt":{"rendered":"<p><strong>*Contacte con nosotros para conocer disponibilidad y ofertas<\/strong><\/p>\n","protected":false},"featured_media":4816,"template":"","meta":[],"product_cat":[48,37,44,34],"product_tag":[],"_links":{"self":[{"href":"https:\/\/www.vidaldental.es\/index.php?rest_route=\/wp\/v2\/product\/4815"}],"collection":[{"href":"https:\/\/www.vidaldental.es\/index.php?rest_route=\/wp\/v2\/product"}],"about":[{"href":"https:\/\/www.vidaldental.es\/index.php?rest_route=\/wp\/v2\/types\/product"}],"wp:featuredmedia":[{"embeddable":true,"href":"https:\/\/www.vidaldental.es\/index.php?rest_route=\/wp\/v2\/media\/4816"}],"wp:attachment":[{"href":"https:\/\/www.vidaldental.es\/index.php?rest_route=%2Fwp%2Fv2%2Fmedia&parent=4815"}],"wp:term":[{"taxonomy":"product_cat","embeddable":true,"href":"https:\/\/www.vidaldental.es\/index.php?rest_route=%2Fwp%2Fv2%2Fproduct_cat&post=4815"},{"taxonomy":"product_tag","embeddable":true,"href":"https:\/\/www.vidaldental.es\/index.php?rest_route=%2Fwp%2Fv2%2Fproduct_tag&post=4815"}],"curies":[{"name":"wp","href":"https:\/\/api.w.org\/{rel}","templated":true}]}}