{"id":4817,"date":"2022-03-19T16:36:43","date_gmt":"2022-03-19T16:36:43","guid":{"rendered":"https:\/\/www.vidaldental.es\/?post_type=product&#038;p=4817"},"modified":"2022-08-02T10:22:15","modified_gmt":"2022-08-02T10:22:15","slug":"unidad-dental-kavo-estetica-e30-ref-1-005-0000ka","status":"publish","type":"product","link":"https:\/\/www.vidaldental.es\/?product=unidad-dental-kavo-estetica-e30-ref-1-005-0000ka","title":{"rendered":"Unidad Dental KAVO ESTETICA E30 Ref. 1.005.0000KA"},"content":{"rendered":"<h2 style=\"text-align: left\">Unidad Dental KAVO ESTETICA E30 KAVO Ref. 1.005.0000KA<\/h2>\n<p>Cada detalle de la unidad KaVo ESTETICA E30 ha sido desarrollada para trabajar de manera eficaz, flexible y f\u00e1cil en su manejo. Con los componentes correctamente sincronizados, usted puede confiar en un producto rentable de alta fiabilidad.<\/p>\n<p>Interesantes posibilidades para su flexibilidad.<\/p>\n<p><strong>Elemento del odont\u00f3logo y del asistente<\/strong><\/p>\n<p>1. Acreditada tecnolog\u00eda KaVo y concepto de funcionamiento sencillo<br \/>\n2. Personalizable para satisfacer sus necesidades<br \/>\n3. Unidad de tratamiento ambidiestra (opcional)<\/p>\n<p><strong>El sill\u00f3n del paciente<\/strong><\/p>\n<p>4. Dise\u00f1o de sill\u00f3n optimizado<br \/>\n5. Tapizado suave y ergon\u00f3mico<br \/>\n6. Peso m\u00e1x. de paciente hasta 180 kg<br \/>\n7. Posici\u00f3n m\u00e1s baja 350 mm, posici\u00f3n m\u00e1s alta 830 mm<\/p>\n<p><strong>Facilita la comunicaci\u00f3n con el paciente<\/strong><\/p>\n<p>8. KaVo ERGOcam One*, la c\u00e1mara intraoral f\u00e1cil de usar<br \/>\n9. Pantalla de alta resoluci\u00f3n: KaVo Screen One 19&#8243;<br \/>\n10. CONEXIO combina el software de gesti\u00f3n de pacientes, un archivo de rayos X 2D e im\u00e1genes intraorales en vivo en una filosof\u00eda operativa \u00fanica.<\/p>\n<p>Consultar oferta.<\/p>\n","protected":false},"excerpt":{"rendered":"<p>Unidad Dental KAVO ESTETICA E30 KAVO Ref. 1.005.0000KA Cada detalle de la unidad KaVo ESTETICA E30 ha sido desarrollada para trabajar de manera eficaz, flexible y f\u00e1cil en su manejo. Con los componentes correctamente sincronizados, usted puede confiar en un producto rentable de alta fiabilidad. Interesantes posibilidades para su flexibilidad. Elemento del odont\u00f3logo y del &#8230; <a title=\"Unidad Dental KAVO ESTETICA E30 Ref. 1.005.0000KA\" class=\"read-more\" href=\"https:\/\/www.vidaldental.es\/?product=unidad-dental-kavo-estetica-e30-ref-1-005-0000ka\" aria-label=\"M\u00e1s en Unidad Dental KAVO ESTETICA E30 Ref. 1.005.0000KA\">Leer m\u00e1s<\/a><\/p>\n","protected":false},"featured_media":4818,"template":"","meta":[],"product_cat":[37,99,34],"product_tag":[],"_links":{"self":[{"href":"https:\/\/www.vidaldental.es\/index.php?rest_route=\/wp\/v2\/product\/4817"}],"collection":[{"href":"https:\/\/www.vidaldental.es\/index.php?rest_route=\/wp\/v2\/product"}],"about":[{"href":"https:\/\/www.vidaldental.es\/index.php?rest_route=\/wp\/v2\/types\/product"}],"wp:featuredmedia":[{"embeddable":true,"href":"https:\/\/www.vidaldental.es\/index.php?rest_route=\/wp\/v2\/media\/4818"}],"wp:attachment":[{"href":"https:\/\/www.vidaldental.es\/index.php?rest_route=%2Fwp%2Fv2%2Fmedia&parent=4817"}],"wp:term":[{"taxonomy":"product_cat","embeddable":true,"href":"https:\/\/www.vidaldental.es\/index.php?rest_route=%2Fwp%2Fv2%2Fproduct_cat&post=4817"},{"taxonomy":"product_tag","embeddable":true,"href":"https:\/\/www.vidaldental.es\/index.php?rest_route=%2Fwp%2Fv2%2Fproduct_tag&post=4817"}],"curies":[{"name":"wp","href":"https:\/\/api.w.org\/{rel}","templated":true}]}}