{"id":4830,"date":"2022-03-20T09:59:02","date_gmt":"2022-03-20T09:59:02","guid":{"rendered":"https:\/\/www.vidaldental.es\/?post_type=product&#038;p=4830"},"modified":"2022-08-02T10:17:41","modified_gmt":"2022-08-02T10:17:41","slug":"unidad-dental-kavo-estetica-e70-e80-vision-ref","status":"publish","type":"product","link":"https:\/\/www.vidaldental.es\/?product=unidad-dental-kavo-estetica-e70-e80-vision-ref","title":{"rendered":"Unidad Dental KAVO ESTETICA E70\/E80 VISION Ref."},"content":{"rendered":"<h2 style=\"text-align: left\">Unidad Dental KAVO ESTETICA E70\/E80 VISION KAVO Ref.<\/h2>\n<p>Unidad dental con acceso directo a la historia del paciente, procesos automatizados de higiene, f\u00e1cil comunicaci\u00f3n del diagn\u00f3stico. Un concepto que facilita su flujo de trabajo.<\/p>\n<h4>Un resumen de todas las novedades:<\/h4>\n<ul>\n<li><strong>El nuevo elemento de odont\u00f3logo. Sencillo e intuitivo.<\/strong><br \/>\n1 Concepto de manejo completamente nuevo para un acceso r\u00e1pido y directo a todas las funciones importantes que ahorran tiempo y esfuerzo durante el tratamiento<\/li>\n<li><strong>Comunicaci\u00f3n con los pacientes. Listo para comenzar.<\/strong><br \/>\n2 ERGOcam One de KaVo, la c\u00e1mara intraoral de uso sencillo<br \/>\n3 Nuevas pantallas de alta resoluci\u00f3n: KaVo Screen HD de 22 pulgadas y KaVo Screen One de 19 pulgadas<\/li>\n<li><strong>CONEXIO. Encuentre todo f\u00e1cilmente.<\/strong><br \/>\n4\u00a0Software de sistema CONEXIO, un interfaz inteligente de datos en su consulta, le apoya con funciones \u00fatiles y le ofrece un acceso cont\u00ednuo a los datos del paciente<\/li>\n<li><strong>Higiene. Automatizado. Integrado.<\/strong><br \/>\n5 Centro de higiene con adaptador integrado extra\u00edble para las mangueras de succi\u00f3n y de los instrumentos para una limpieza y desinfecci\u00f3n automatizada y que ahorran tiempo<\/li>\n<li><strong>Nuevo dise\u00f1o. Visiblemente moderno. Notablemente agradable.<\/strong><br \/>\n6 Edici\u00f3n Blue Line en azul oc\u00e9ano o azul humo<br \/>\n7 El cuerpo del equipo dise\u00f1ado en color blanco dental<\/li>\n<li><strong>Sill\u00f3n en suspensi\u00f3n. De eficacia probada.<\/strong><br \/>\n8 Nuevos apoyabrazos regulables<br \/>\n9 Apto para un peso del paciente hasta 180 kg<\/li>\n<li><strong>Cirug\u00eda. Sin l\u00edmites. Integrado.<\/strong><br \/>\n10 Nueva funci\u00f3n de cirug\u00eda con motor quir\u00fargico peque\u00f1o y confortablemente ligero as\u00ed como con bomba con soluci\u00f3n salina integrada<\/li>\n<\/ul>\n<p>&nbsp;<\/p>\n<p>Consultar ofertas.<\/p>\n<p>Disponible en tapizado RELAX LINE.<\/p>\n","protected":false},"excerpt":{"rendered":"<p>Unidad Dental KAVO ESTETICA E70\/E80 VISION KAVO Ref. Unidad dental con acceso directo a la historia del paciente, procesos automatizados de higiene, f\u00e1cil comunicaci\u00f3n del diagn\u00f3stico. Un concepto que facilita su flujo de trabajo. Un resumen de todas las novedades: El nuevo elemento de odont\u00f3logo. Sencillo e intuitivo. 1 Concepto de manejo completamente nuevo para &#8230; <a title=\"Unidad Dental KAVO ESTETICA E70\/E80 VISION Ref.\" class=\"read-more\" href=\"https:\/\/www.vidaldental.es\/?product=unidad-dental-kavo-estetica-e70-e80-vision-ref\" aria-label=\"M\u00e1s en Unidad Dental KAVO ESTETICA E70\/E80 VISION Ref.\">Leer m\u00e1s<\/a><\/p>\n","protected":false},"featured_media":4831,"template":"","meta":[],"product_cat":[48,37,99,34],"product_tag":[],"_links":{"self":[{"href":"https:\/\/www.vidaldental.es\/index.php?rest_route=\/wp\/v2\/product\/4830"}],"collection":[{"href":"https:\/\/www.vidaldental.es\/index.php?rest_route=\/wp\/v2\/product"}],"about":[{"href":"https:\/\/www.vidaldental.es\/index.php?rest_route=\/wp\/v2\/types\/product"}],"wp:featuredmedia":[{"embeddable":true,"href":"https:\/\/www.vidaldental.es\/index.php?rest_route=\/wp\/v2\/media\/4831"}],"wp:attachment":[{"href":"https:\/\/www.vidaldental.es\/index.php?rest_route=%2Fwp%2Fv2%2Fmedia&parent=4830"}],"wp:term":[{"taxonomy":"product_cat","embeddable":true,"href":"https:\/\/www.vidaldental.es\/index.php?rest_route=%2Fwp%2Fv2%2Fproduct_cat&post=4830"},{"taxonomy":"product_tag","embeddable":true,"href":"https:\/\/www.vidaldental.es\/index.php?rest_route=%2Fwp%2Fv2%2Fproduct_tag&post=4830"}],"curies":[{"name":"wp","href":"https:\/\/api.w.org\/{rel}","templated":true}]}}