{"id":4834,"date":"2022-03-20T10:21:17","date_gmt":"2022-03-20T10:21:17","guid":{"rendered":"https:\/\/www.vidaldental.es\/?post_type=product&#038;p=4834"},"modified":"2022-06-12T15:07:15","modified_gmt":"2022-06-12T15:07:15","slug":"pieza-de-mano-expertmatic-e10c-kavo-ref-1-007-5560","status":"publish","type":"product","link":"https:\/\/www.vidaldental.es\/?product=pieza-de-mano-expertmatic-e10c-kavo-ref-1-007-5560","title":{"rendered":"Pieza de mano EXPERTmatic E10C KAVO Ref. 1.007.5560"},"content":{"rendered":"<h2 style=\"text-align: left\">Pieza de mano EXPERTmatic E10C KAVO Ref. 1.007.5560<\/h2>\n<h4>KaVo EXPERTmatic &#8211; La mejor relaci\u00f3n precio\/durabilidad<\/h4>\n<p>Con sistema de agarre reforzado en todos los instrumentos con eje de fresa de contra-\u00e1ngulo.<\/p>\n<p>Proporciona una refrigeraci\u00f3n optimizada de las fresas gracias a un suministro de aire y agua individual, interno.<\/p>\n<p>Cambio m\u00e1s r\u00e1pido y sencillo de fresa mediante tensi\u00f3n reducida de anillo.<\/p>\n<p>Adecuado para fresas de pieza de mano y contra\u00e1ngulo.<\/p>\n<p>Termodesinfectable y esterilizable a 135\u00baC.<\/p>\n<p>Compatible con acoplamientos Multiflex.<\/p>\n<p>CARACTERISTICAS:<\/p>\n<ul>\n<li>Cambio de fresa r\u00e1pido y sencillo.<\/li>\n<li>Spray interno individual aire y agua.<\/li>\n<li>Sin luz.<\/li>\n<li>Superficie EXPERTgrip de KaVo.<\/li>\n<li>KaVo MULTIflex &#8211; sistema de acoplamiento.<\/li>\n<\/ul>\n<p>&nbsp;<\/p>\n","protected":false},"excerpt":{"rendered":"<p>Pieza de mano EXPERTmatic E10C KAVO Ref. 1.007.5560 KaVo EXPERTmatic &#8211; La mejor relaci\u00f3n precio\/durabilidad Con sistema de agarre reforzado en todos los instrumentos con eje de fresa de contra-\u00e1ngulo. Proporciona una refrigeraci\u00f3n optimizada de las fresas gracias a un suministro de aire y agua individual, interno. Cambio m\u00e1s r\u00e1pido y sencillo de fresa mediante &#8230; <a title=\"Pieza de mano EXPERTmatic E10C KAVO Ref. 1.007.5560\" class=\"read-more\" href=\"https:\/\/www.vidaldental.es\/?product=pieza-de-mano-expertmatic-e10c-kavo-ref-1-007-5560\" aria-label=\"M\u00e1s en Pieza de mano EXPERTmatic E10C KAVO Ref. 1.007.5560\">Leer m\u00e1s<\/a><\/p>\n","protected":false},"featured_media":4836,"template":"","meta":[],"product_cat":[48,37,44,34],"product_tag":[],"_links":{"self":[{"href":"https:\/\/www.vidaldental.es\/index.php?rest_route=\/wp\/v2\/product\/4834"}],"collection":[{"href":"https:\/\/www.vidaldental.es\/index.php?rest_route=\/wp\/v2\/product"}],"about":[{"href":"https:\/\/www.vidaldental.es\/index.php?rest_route=\/wp\/v2\/types\/product"}],"wp:featuredmedia":[{"embeddable":true,"href":"https:\/\/www.vidaldental.es\/index.php?rest_route=\/wp\/v2\/media\/4836"}],"wp:attachment":[{"href":"https:\/\/www.vidaldental.es\/index.php?rest_route=%2Fwp%2Fv2%2Fmedia&parent=4834"}],"wp:term":[{"taxonomy":"product_cat","embeddable":true,"href":"https:\/\/www.vidaldental.es\/index.php?rest_route=%2Fwp%2Fv2%2Fproduct_cat&post=4834"},{"taxonomy":"product_tag","embeddable":true,"href":"https:\/\/www.vidaldental.es\/index.php?rest_route=%2Fwp%2Fv2%2Fproduct_tag&post=4834"}],"curies":[{"name":"wp","href":"https:\/\/api.w.org\/{rel}","templated":true}]}}