{"id":4837,"date":"2022-03-20T10:26:11","date_gmt":"2022-03-20T10:26:11","guid":{"rendered":"https:\/\/www.vidaldental.es\/?post_type=product&#038;p=4837"},"modified":"2025-08-04T21:24:07","modified_gmt":"2025-08-04T21:24:07","slug":"contra-angulo-expertmatic-lux-e20l-kavo-ref-1-007-5540","status":"publish","type":"product","link":"https:\/\/www.vidaldental.es\/?product=contra-angulo-expertmatic-lux-e20l-kavo-ref-1-007-5540","title":{"rendered":"Contra-\u00e1ngulo EXPERTmatic LUX E20L KAVO Ref. 1.007.5540"},"content":{"rendered":"<h2 style=\"text-align: left\">Contra-\u00e1ngulo EXPERTmatic LUX E20L KAVO Ref. 1.007.5540<\/h2>\n<p>Contra-\u00c1ngulo con luz. Caracter\u00edsticas:<\/p>\n<div class=\"field field-name-body field-type-text-with-summary field-label-hidden\">\n<div class=\"field-items\">\n<div class=\"field-item even\">\n<ul>\n<li>Transmisi\u00f3n 1:1 (azul)<\/li>\n<li>Equipamiento eficiente con spray individual,\u00a0 agua y aire de spray interno<\/li>\n<li>Mejor acceso mediante cabeza m\u00e1s peque\u00f1a<\/li>\n<li>Mayor iluminaci\u00f3n mediante conductor de luz en barra de vidrio con 25.000 Lux<\/li>\n<li>Manejo sencillo con pinza de sujeci\u00f3n por bot\u00f3n<\/li>\n<\/ul>\n<\/div>\n<\/div>\n<\/div>\n","protected":false},"excerpt":{"rendered":"<p>Contra-\u00e1ngulo EXPERTmatic LUX E20L KAVO Ref. 1.007.5540 Contra-\u00c1ngulo con luz. Caracter\u00edsticas: Transmisi\u00f3n 1:1 (azul) Equipamiento eficiente con spray individual,\u00a0 agua y aire de spray interno Mejor acceso mediante cabeza m\u00e1s peque\u00f1a Mayor iluminaci\u00f3n mediante conductor de luz en barra de vidrio con 25.000 Lux Manejo sencillo con pinza de sujeci\u00f3n por bot\u00f3n<\/p>\n","protected":false},"featured_media":4838,"template":"","meta":[],"product_cat":[48,37,44,34],"product_tag":[],"_links":{"self":[{"href":"https:\/\/www.vidaldental.es\/index.php?rest_route=\/wp\/v2\/product\/4837"}],"collection":[{"href":"https:\/\/www.vidaldental.es\/index.php?rest_route=\/wp\/v2\/product"}],"about":[{"href":"https:\/\/www.vidaldental.es\/index.php?rest_route=\/wp\/v2\/types\/product"}],"wp:featuredmedia":[{"embeddable":true,"href":"https:\/\/www.vidaldental.es\/index.php?rest_route=\/wp\/v2\/media\/4838"}],"wp:attachment":[{"href":"https:\/\/www.vidaldental.es\/index.php?rest_route=%2Fwp%2Fv2%2Fmedia&parent=4837"}],"wp:term":[{"taxonomy":"product_cat","embeddable":true,"href":"https:\/\/www.vidaldental.es\/index.php?rest_route=%2Fwp%2Fv2%2Fproduct_cat&post=4837"},{"taxonomy":"product_tag","embeddable":true,"href":"https:\/\/www.vidaldental.es\/index.php?rest_route=%2Fwp%2Fv2%2Fproduct_tag&post=4837"}],"curies":[{"name":"wp","href":"https:\/\/api.w.org\/{rel}","templated":true}]}}