{"id":4896,"date":"2022-03-22T18:12:00","date_gmt":"2022-03-22T18:12:00","guid":{"rendered":"https:\/\/www.vidaldental.es\/?post_type=product&#038;p=4896"},"modified":"2023-03-08T15:51:08","modified_gmt":"2023-03-08T15:51:08","slug":"pieza-de-mano-smartmatic-s10-kavo-ref-1-011-6730","status":"publish","type":"product","link":"https:\/\/www.vidaldental.es\/?product=pieza-de-mano-smartmatic-s10-kavo-ref-1-011-6730","title":{"rendered":"Pieza de mano SMARTmatic S10 KAVO Ref. 1.011.6730"},"content":{"rendered":"<h2 style=\"text-align: left\">Pieza de mano SMARTmatic S10 KAVO Ref. 1.011.6730<\/h2>\n<p>Transmisi\u00f3n 1:1. Sin spray<\/p>\n<p>Velocidad m\u00e1xima de trabajo 40.000 rpm<\/p>\n<p>Para fresas de pieza de mano y de contra-\u00e1ngulo con v\u00e1stago de di\u00e1metro 2,35 mm<\/p>\n<p>Fuerza de sujeci\u00f3n de las pinzas hasta 65 N.<\/p>\n","protected":false},"excerpt":{"rendered":"<p><strong>*Contacte con nosotros para conocer disponibilidad y ofertas<\/strong><\/p>\n","protected":false},"featured_media":4897,"template":"","meta":[],"product_cat":[48,37,44,34],"product_tag":[],"_links":{"self":[{"href":"https:\/\/www.vidaldental.es\/index.php?rest_route=\/wp\/v2\/product\/4896"}],"collection":[{"href":"https:\/\/www.vidaldental.es\/index.php?rest_route=\/wp\/v2\/product"}],"about":[{"href":"https:\/\/www.vidaldental.es\/index.php?rest_route=\/wp\/v2\/types\/product"}],"wp:featuredmedia":[{"embeddable":true,"href":"https:\/\/www.vidaldental.es\/index.php?rest_route=\/wp\/v2\/media\/4897"}],"wp:attachment":[{"href":"https:\/\/www.vidaldental.es\/index.php?rest_route=%2Fwp%2Fv2%2Fmedia&parent=4896"}],"wp:term":[{"taxonomy":"product_cat","embeddable":true,"href":"https:\/\/www.vidaldental.es\/index.php?rest_route=%2Fwp%2Fv2%2Fproduct_cat&post=4896"},{"taxonomy":"product_tag","embeddable":true,"href":"https:\/\/www.vidaldental.es\/index.php?rest_route=%2Fwp%2Fv2%2Fproduct_tag&post=4896"}],"curies":[{"name":"wp","href":"https:\/\/api.w.org\/{rel}","templated":true}]}}