{"id":5352,"date":"2023-07-26T08:13:39","date_gmt":"2023-07-26T08:13:39","guid":{"rendered":"https:\/\/www.vidaldental.es\/?post_type=product&#038;p=5352"},"modified":"2023-07-26T09:59:22","modified_gmt":"2023-07-26T09:59:22","slug":"autoclave-pro-line-vacuclave-118-melag-ref-me10118","status":"publish","type":"product","link":"https:\/\/www.vidaldental.es\/?product=autoclave-pro-line-vacuclave-118-melag-ref-me10118","title":{"rendered":"Autoclave Pro Line Vacuclave 118 MELAG Ref. ME10118"},"content":{"rendered":"<h2>Autoclave Pro Line Vacuclave 118 MELAG Ref. ME10118<\/h2>\n<p><strong class=\"teaser-slider__subheadline\">Volumen de la c\u00e1mara: 17 litros<\/strong><\/p>\n<div class=\"teaser-slider__body\">El concepto de c\u00e1mara (\u00f8 25 cm x 35 cm de largo) le ofrece espacio suficiente para la esterilizaci\u00f3n segura de hasta 5 kg de instrumentos en 5 bandejas.<\/div>\n<div><\/div>\n<div><strong>Los nuevos autoclaves MELAG Vacuclave\u00a0118 y Vacuclave\u00a0123 ofrecen m\u00e1s de lo que cuestan:<\/strong><\/div>\n<ul>\n<li><strong>Potente proceso de vac\u00edo de clase B:<\/strong>\u00a0Esterilizaci\u00f3n fiable de hasta 6\u00a0kg en 5\u00a0bandejas en solo 15-31\u00a0minutos (m\u00e1s secado temporizado)<\/li>\n<li><strong>Pantalla t\u00e1ctil inteligente con indicadores de estado LED:<\/strong>\u00a0Pantalla t\u00e1ctil con un men\u00fa intuitivo para una operaci\u00f3n tan sencilla como la de su smartphone<\/li>\n<li><strong>Conectividad y registro de datos:<\/strong>\u00a0Cumplimiento de los requisitos legales mediante el registro de los par\u00e1metros de esterilizaci\u00f3n a trav\u00e9s de USB o red<\/li>\n<li><strong>Concepto de dispositivo aut\u00f3nomo:<\/strong>\u00a0Dep\u00f3sitos de agua integrados y refrigeraci\u00f3n por aire altamente efectiva para un funcionamiento en cualquier lugar y sin agua de refrigeraci\u00f3n<\/li>\n<li><strong>Modo de ahorro de energ\u00eda Power Save:<\/strong>\u00a0La calefacci\u00f3n y la pantalla permanecen inactivas entre esterilizaciones para lograr la m\u00e1xima eficiencia energ\u00e9tica<\/li>\n<li><strong>Concepto de rutina EasyCare:\u00a0<\/strong>Optimizaciones sencillas para que el reemplazo de filtros, la limpieza de tanques y el suministro de agua sean m\u00e1s eficientes<\/li>\n<\/ul>\n<p>Los econ\u00f3micos modelos b\u00e1sicos Pro Line destacan con conceptos operativos y de documentaci\u00f3n inteligentes, as\u00ed como con un dise\u00f1o moderno y extremadamente robusto. Los autoclaves Pro Line ofrecen todo lo necesario para una esterilizaci\u00f3n segura, conveniente y que ahorra recursos.<\/p>\n<p>&nbsp;<\/p>\n<p>*Consultar oferta vigente<\/p>\n","protected":false},"excerpt":{"rendered":"<p>*Consultar oferta vigente<\/p>\n","protected":false},"featured_media":5354,"template":"","meta":[],"product_cat":[48,54,37,90,34],"product_tag":[],"_links":{"self":[{"href":"https:\/\/www.vidaldental.es\/index.php?rest_route=\/wp\/v2\/product\/5352"}],"collection":[{"href":"https:\/\/www.vidaldental.es\/index.php?rest_route=\/wp\/v2\/product"}],"about":[{"href":"https:\/\/www.vidaldental.es\/index.php?rest_route=\/wp\/v2\/types\/product"}],"wp:featuredmedia":[{"embeddable":true,"href":"https:\/\/www.vidaldental.es\/index.php?rest_route=\/wp\/v2\/media\/5354"}],"wp:attachment":[{"href":"https:\/\/www.vidaldental.es\/index.php?rest_route=%2Fwp%2Fv2%2Fmedia&parent=5352"}],"wp:term":[{"taxonomy":"product_cat","embeddable":true,"href":"https:\/\/www.vidaldental.es\/index.php?rest_route=%2Fwp%2Fv2%2Fproduct_cat&post=5352"},{"taxonomy":"product_tag","embeddable":true,"href":"https:\/\/www.vidaldental.es\/index.php?rest_route=%2Fwp%2Fv2%2Fproduct_tag&post=5352"}],"curies":[{"name":"wp","href":"https:\/\/api.w.org\/{rel}","templated":true}]}}