{"id":5358,"date":"2023-07-26T08:45:28","date_gmt":"2023-07-26T08:45:28","guid":{"rendered":"https:\/\/www.vidaldental.es\/?post_type=product&#038;p=5358"},"modified":"2023-07-26T09:16:11","modified_gmt":"2023-07-26T09:16:11","slug":"autoclave-prime-line-vacuclave-318-melag-ref-me10318","status":"publish","type":"product","link":"https:\/\/www.vidaldental.es\/?product=autoclave-prime-line-vacuclave-318-melag-ref-me10318","title":{"rendered":"Autoclave Prime Line Vacuclave 318 MELAG Ref. ME10318"},"content":{"rendered":"<h2 class=\"item-text\">Autoclave Prime Line Vacuclave 318 MELAG Ref. ME10318<\/h2>\n<div><\/div>\n<div>\n<p><strong class=\"teaser-slider__subheadline\">Volumen de la c\u00e1mara: 17 litros<\/strong><\/p>\n<p>El concepto de c\u00e1mara (\u00f8 25 cm x 35 cm de largo) le ofrece espacio suficiente para la esterilizaci\u00f3n segura de hasta 7 kg de instrumentos en 5 bandejas.<\/p>\n<p>Prime Line combina los puntos fuertes de los productos Pro Line con otras innovaciones para lograr un mayor rendimiento, resultados de secado excepcionales y una trazabilidad perfecta:<\/p>\n<ul>\n<li><strong>Esterilizaci\u00f3n de clase B para cargas a\u00fan mayores con el programa Heavy Duty:<\/strong>\u00a0esterilizaci\u00f3n potente de hasta 7 kg en 5\u00a0bandejas en solo 15-32\u00a0minutos (m\u00e1s secado)<\/li>\n<li><strong>Secado inteligente DRYtelligence:<\/strong>\u00a0controlado por algoritmos para lograr resultados de secado \u00f3ptimos y reducir la duraci\u00f3n de los procesos hasta en un 80\u00a0%<\/li>\n<li><strong>Pantalla t\u00e1ctil inteligente con indicadores de estado LED:<\/strong>\u00a0pantalla t\u00e1ctil con un men\u00fa intuitivo para una operaci\u00f3n tan sencilla como la de su smartphone<\/li>\n<li><strong>Liberaci\u00f3n ProControl:<\/strong>\u00a0liberaci\u00f3n de lotes, autenticaci\u00f3n de usuarios e impresi\u00f3n de etiquetas con c\u00f3digos de barras directamente desde la pantalla, sin software adicional<\/li>\n<li><strong>Conectividad y registro de datos:<\/strong>\u00a0cumplimiento de los requisitos legales mediante el registro de los par\u00e1metros de esterilizaci\u00f3n a trav\u00e9s de USB o red<\/li>\n<li><strong>Concepto de dispositivo aut\u00f3nomo:<\/strong> Dep\u00f3sitos de agua integrados y refrigeraci\u00f3n por aire altamente efectiva para un funcionamiento en cualquier lugar y sin agua de\u00a0refrigeraci\u00f3n<\/li>\n<li><strong>Modo de ahorro de energ\u00eda Power Save:<\/strong>\u00a0La calefacci\u00f3n y la pantalla permanecen inactivas entre esterilizaciones para lograr la m\u00e1xima eficiencia energ\u00e9tica<\/li>\n<li><strong>Concepto de rutina EasyCare:<\/strong>\u00a0Optimizaciones sencillas para que el reemplazo de filtros, la limpieza de tanques y el suministro de agua sean m\u00e1s eficientes<\/li>\n<\/ul>\n<\/div>\n<div class=\"strong\">Los l\u00edderes en calidad-precio de MELAG: \u00a1ofrecen m\u00e1s a cambio de menos!<\/div>\n<p>Ya sea carga, esterilizaci\u00f3n o documentaci\u00f3n, los nuevos autoclaves Prime Line ofrecen una incomparable relaci\u00f3n calidad-precio.<\/p>\n<p>Con el programa Heavy Duty y el secado DRYtelligence, no solo podr\u00e1 esterilizar m\u00e1s instrumentos en menos tiempo, sino que tambi\u00e9n los ver\u00e1 directamente en la pantalla con ProControl. Todo esto con la extraordinaria calidad \u201cmade in Germany\u201d de MELAG, caracter\u00edstica de los anteriores modelos de Clase Profi.<\/p>\n<p>*Consultar oferta vigente<\/p>\n","protected":false},"excerpt":{"rendered":"<p>*Consultar oferta vigente<\/p>\n","protected":false},"featured_media":5359,"template":"","meta":[],"product_cat":[48,54,37,90,34],"product_tag":[],"_links":{"self":[{"href":"https:\/\/www.vidaldental.es\/index.php?rest_route=\/wp\/v2\/product\/5358"}],"collection":[{"href":"https:\/\/www.vidaldental.es\/index.php?rest_route=\/wp\/v2\/product"}],"about":[{"href":"https:\/\/www.vidaldental.es\/index.php?rest_route=\/wp\/v2\/types\/product"}],"wp:featuredmedia":[{"embeddable":true,"href":"https:\/\/www.vidaldental.es\/index.php?rest_route=\/wp\/v2\/media\/5359"}],"wp:attachment":[{"href":"https:\/\/www.vidaldental.es\/index.php?rest_route=%2Fwp%2Fv2%2Fmedia&parent=5358"}],"wp:term":[{"taxonomy":"product_cat","embeddable":true,"href":"https:\/\/www.vidaldental.es\/index.php?rest_route=%2Fwp%2Fv2%2Fproduct_cat&post=5358"},{"taxonomy":"product_tag","embeddable":true,"href":"https:\/\/www.vidaldental.es\/index.php?rest_route=%2Fwp%2Fv2%2Fproduct_tag&post=5358"}],"curies":[{"name":"wp","href":"https:\/\/api.w.org\/{rel}","templated":true}]}}