{"id":5362,"date":"2023-07-26T09:10:24","date_gmt":"2023-07-26T09:10:24","guid":{"rendered":"https:\/\/www.vidaldental.es\/?post_type=product&#038;p=5362"},"modified":"2023-07-26T09:10:25","modified_gmt":"2023-07-26T09:10:25","slug":"autoclave-sterihero-vet-melag-ref-me10123v","status":"publish","type":"product","link":"https:\/\/www.vidaldental.es\/?product=autoclave-sterihero-vet-melag-ref-me10123v","title":{"rendered":"Autoclave SteriHero Vet MELAG Ref. ME10123V"},"content":{"rendered":"<h2>Autoclave SteriHero Vet MELAG Ref. ME10123V<\/h2>\n<p><strong class=\"teaser-slider__subheadline\">Volumen de la c\u00e1mara: 23 litros<\/strong><\/p>\n<ul>\n<li>\n<div class=\"item-text\">Potente proceso de vac\u00edo de clase B seg\u00fan EN 13060<\/div>\n<\/li>\n<li>\n<div class=\"icon\">Capacidad para tratar hasta 6 kg de instrumentos en 5 bandejas<\/div>\n<\/li>\n<li>\n<div class=\"icon\">Desarrollado especialmente para usarse en la medicina veterinaria<\/div>\n<\/li>\n<li>\n<div class=\"icon\">Pantalla t\u00e1ctil inteligente para un manejo intuitivo<\/div>\n<\/li>\n<li>\n<div class=\"icon\">Concepto de dispositivo aut\u00f3nomo con dep\u00f3sitos de agua integrados<\/div>\n<\/li>\n<li>\n<div class=\"icon\">Modo de ahorro de energ\u00eda Power Save para proteger el medioambiente<\/div>\n<\/li>\n<li>\n<div class=\"item-text\">Cumplimiento de los requisitos legales mediante el registro de datos a trav\u00e9s de USB o red<\/div>\n<\/li>\n<\/ul>\n<p><strong>Descubra las ventajas de su nuevo superh\u00e9roe de confianza, SteriHero Vet:<\/strong><\/p>\n<ul>\n<li><strong>Seguridad para sus peludos pacientes:<\/strong>\u00a0los autoclaves de clase B ofrecen la esterilizaci\u00f3n m\u00e1s segura para todos los instrumentos con y sin embalar mediante un proceso de vac\u00edo fraccionado, independientemente del tipo y la complejidad.<\/li>\n<li><strong>Potencia de sobra para todas sus necesidades:<\/strong>\u00a0las altas capacidades de carga, los ciclos cortos a partir de 16\u00a0minutos y el eficaz secado r\u00e1pido al vac\u00edo garantizan que sus instrumentos se puedan volver a utilizar en poco tiempo.<\/li>\n<li><strong>El manejo intuitivo con una gran pantalla t\u00e1ctil inteligente hace que todo sea m\u00e1s f\u00e1cil:<\/strong>\u00a0desde la selecci\u00f3n de programas hasta la documentaci\u00f3n a trav\u00e9s de USB o red*. Gracias a la supervisi\u00f3n del proceso puede proporcionar una evidencia completa del \u00e9xito de la esterilizaci\u00f3n.<\/li>\n<li><strong>Un autoclave nunca debe fallar:<\/strong>\u00a0por lo tanto, no ponemos en riesgo la calidad y desarrollamos, producimos y optimizamos nuestros nuevos modelos de acuerdo con los m\u00e1s altos est\u00e1ndares en nuestra sede de Berl\u00edn desde 1951.<\/li>\n<\/ul>\n<p>&nbsp;<\/p>\n<p>*Consultar oferta vigente<\/p>\n","protected":false},"excerpt":{"rendered":"<p>*Consultar oferta vigente<\/p>\n","protected":false},"featured_media":5363,"template":"","meta":[],"product_cat":[48,54,37,90,34],"product_tag":[],"_links":{"self":[{"href":"https:\/\/www.vidaldental.es\/index.php?rest_route=\/wp\/v2\/product\/5362"}],"collection":[{"href":"https:\/\/www.vidaldental.es\/index.php?rest_route=\/wp\/v2\/product"}],"about":[{"href":"https:\/\/www.vidaldental.es\/index.php?rest_route=\/wp\/v2\/types\/product"}],"wp:featuredmedia":[{"embeddable":true,"href":"https:\/\/www.vidaldental.es\/index.php?rest_route=\/wp\/v2\/media\/5363"}],"wp:attachment":[{"href":"https:\/\/www.vidaldental.es\/index.php?rest_route=%2Fwp%2Fv2%2Fmedia&parent=5362"}],"wp:term":[{"taxonomy":"product_cat","embeddable":true,"href":"https:\/\/www.vidaldental.es\/index.php?rest_route=%2Fwp%2Fv2%2Fproduct_cat&post=5362"},{"taxonomy":"product_tag","embeddable":true,"href":"https:\/\/www.vidaldental.es\/index.php?rest_route=%2Fwp%2Fv2%2Fproduct_tag&post=5362"}],"curies":[{"name":"wp","href":"https:\/\/api.w.org\/{rel}","templated":true}]}}