{"id":5364,"date":"2023-07-26T09:56:14","date_gmt":"2023-07-26T09:56:14","guid":{"rendered":"https:\/\/www.vidaldental.es\/?post_type=product&#038;p=5364"},"modified":"2023-07-26T09:56:14","modified_gmt":"2023-07-26T09:56:14","slug":"autoclave-vacuclave-550-melag-ref-me10550","status":"publish","type":"product","link":"https:\/\/www.vidaldental.es\/?product=autoclave-vacuclave-550-melag-ref-me10550","title":{"rendered":"Autoclave Vacuclave 550 MELAG Ref. ME10550"},"content":{"rendered":"<div class=\"body\">\n<h2>Autoclave Vacuclave 550 MELAG Ref. ME10550<\/h2>\n<p><strong>El Vacuclave 550 demuestra su verdadera grandeza<\/strong>: el nuevo autoclave de 50 litros combina la protecci\u00f3n del medio ambiente con el ahorro de energ\u00eda<\/p>\n<\/div>\n<p>Convierta 2 equipos en 1: En comparaci\u00f3n a la alternativa con dos peque\u00f1os autoclaves, el Vacuclave 550 garantiza una capacidad significativamente mayor en un espacio de un 40 % m\u00e1s peque\u00f1o. Esterilice el m\u00e1ximo n\u00famero de instrumentos en un m\u00ednimo espacio en tiempo r\u00e9cord.<\/p>\n<p>Gracias a su c\u00e1mara extra grande y a pioneras innovaciones, estar\u00e1 preparado para todas las tareas con el Vacuclave 550: Descubra las ventajas de nuestro nuevo autoclave de 50 litros para una esterilizaci\u00f3n de sus instrumentos con eficiencia energ\u00e9tica, as\u00ed como ahorro tiempo y dinero:<\/p>\n<div class=\"body\">\n<p>&nbsp;<\/p>\n<ul>\n<li><strong>Mayor capacidad<\/strong>: M\u00e1s espacio para una carga de hasta 25 kg en 16 bandejas o hasta 10 MELAstore Boxes.<\/li>\n<li><strong>Velocidad impresionante<\/strong>: tecnolog\u00eda patentada de doble c\u00e1mara para tiempos de trabajo r\u00e9cord.<\/li>\n<li><strong>Secado inteligente<\/strong>: reducci\u00f3n del tiempo de secado con DRYtelligence hasta un 80 %.<\/li>\n<li><strong>Comodidad sin compromiso<\/strong>: Manejo intuitivo como en su tel\u00e9fono inteligente gracias a la gran pantalla t\u00e1ctil.<\/li>\n<li><strong>Documentaci\u00f3n rastreable<\/strong>: documentaci\u00f3n y liberaci\u00f3n con ProControl directamente en el equipo<\/li>\n<li><strong>Tecnolog\u00edas pioneras<\/strong>: Recovery, Coolify, Power Save y DRYtelligence hacen del Vacuclave 550 la soluci\u00f3n m\u00e1s limpia para su presupuesto y el medio ambiente<\/li>\n<\/ul>\n<\/div>\n<p>*Consulta oferta vigente<\/p>\n","protected":false},"excerpt":{"rendered":"<p>*Consulta oferta vigente<\/p>\n","protected":false},"featured_media":5365,"template":"","meta":[],"product_cat":[48,54,37,90,34],"product_tag":[],"_links":{"self":[{"href":"https:\/\/www.vidaldental.es\/index.php?rest_route=\/wp\/v2\/product\/5364"}],"collection":[{"href":"https:\/\/www.vidaldental.es\/index.php?rest_route=\/wp\/v2\/product"}],"about":[{"href":"https:\/\/www.vidaldental.es\/index.php?rest_route=\/wp\/v2\/types\/product"}],"wp:featuredmedia":[{"embeddable":true,"href":"https:\/\/www.vidaldental.es\/index.php?rest_route=\/wp\/v2\/media\/5365"}],"wp:attachment":[{"href":"https:\/\/www.vidaldental.es\/index.php?rest_route=%2Fwp%2Fv2%2Fmedia&parent=5364"}],"wp:term":[{"taxonomy":"product_cat","embeddable":true,"href":"https:\/\/www.vidaldental.es\/index.php?rest_route=%2Fwp%2Fv2%2Fproduct_cat&post=5364"},{"taxonomy":"product_tag","embeddable":true,"href":"https:\/\/www.vidaldental.es\/index.php?rest_route=%2Fwp%2Fv2%2Fproduct_tag&post=5364"}],"curies":[{"name":"wp","href":"https:\/\/api.w.org\/{rel}","templated":true}]}}