{"id":5388,"date":"2023-07-27T09:25:23","date_gmt":"2023-07-27T09:25:23","guid":{"rendered":"https:\/\/www.vidaldental.es\/?post_type=product&#038;p=5388"},"modified":"2025-11-13T19:30:19","modified_gmt":"2025-11-13T19:30:19","slug":"articulador-5032-asa-dental-ref-5032","status":"publish","type":"product","link":"https:\/\/www.vidaldental.es\/?product=articulador-5032-asa-dental-ref-5032","title":{"rendered":"Articulador 5032 ASA DENTAL Ref.5032"},"content":{"rendered":"<h2>Articulador 5032 ASA DENTAL Ref.5032<\/h2>\n<p>V\u00e1stago posterior regulable mediante tornillo microm\u00e9trico de registro para trabajar sin el v\u00e1stago incisal, manteniendo inalterable la trayectoria, la inclinaci\u00f3n y los movimientos de lateralidad, protusiva y retrusiva. Movimiento de traslaci\u00f3n puro.<\/p>\n<p>En caso de ca\u00edda accidental del articulador, el sistema antichoque del eje de charnela evita roturas graves. Tornillo de fijaci\u00f3n de la pletina de mayor tama\u00f1o.<\/p>\n<p>CARACTER\u00cdSTICAS T\u00c9CNICAS<br \/>\n\u2022 varilla posterior en la parte superior para un acceso y una visibilidad posterior inalterados<br \/>\n\u2022 eje de bisagra con posibilidad de movimiento de traslaci\u00f3n pura<\/p>\n<p>DATOS T\u00c9CNICOS<br \/>\ndistancia intercondilar 120 mm<br \/>\ninclinaci\u00f3n condilar fijada en 30\u00b0<br \/>\n\u00e1ngulo de Bennett fijado a 7\u00b0<br \/>\ninclinaci\u00f3n de la base incisal 10\u00b0<br \/>\ndistancia entre las placas de montaje 90-110 mm<br \/>\npeso 700 gr<br \/>\napertura 180\u00b0<\/p>\n<p>Color gris.<\/p>\n","protected":false},"excerpt":{"rendered":"<p>Articulador 5032 ASA DENTAL Ref.5032 V\u00e1stago posterior regulable mediante tornillo microm\u00e9trico de registro para trabajar sin el v\u00e1stago incisal, manteniendo inalterable la trayectoria, la inclinaci\u00f3n y los movimientos de lateralidad, protusiva y retrusiva. Movimiento de traslaci\u00f3n puro. En caso de ca\u00edda accidental del articulador, el sistema antichoque del eje de charnela evita roturas graves. Tornillo &#8230; <a title=\"Articulador 5032 ASA DENTAL Ref.5032\" class=\"read-more\" href=\"https:\/\/www.vidaldental.es\/?product=articulador-5032-asa-dental-ref-5032\" aria-label=\"M\u00e1s en Articulador 5032 ASA DENTAL Ref.5032\">Leer m\u00e1s<\/a><\/p>\n","protected":false},"featured_media":5390,"template":"","meta":[],"product_cat":[91,38,34],"product_tag":[],"_links":{"self":[{"href":"https:\/\/www.vidaldental.es\/index.php?rest_route=\/wp\/v2\/product\/5388"}],"collection":[{"href":"https:\/\/www.vidaldental.es\/index.php?rest_route=\/wp\/v2\/product"}],"about":[{"href":"https:\/\/www.vidaldental.es\/index.php?rest_route=\/wp\/v2\/types\/product"}],"wp:featuredmedia":[{"embeddable":true,"href":"https:\/\/www.vidaldental.es\/index.php?rest_route=\/wp\/v2\/media\/5390"}],"wp:attachment":[{"href":"https:\/\/www.vidaldental.es\/index.php?rest_route=%2Fwp%2Fv2%2Fmedia&parent=5388"}],"wp:term":[{"taxonomy":"product_cat","embeddable":true,"href":"https:\/\/www.vidaldental.es\/index.php?rest_route=%2Fwp%2Fv2%2Fproduct_cat&post=5388"},{"taxonomy":"product_tag","embeddable":true,"href":"https:\/\/www.vidaldental.es\/index.php?rest_route=%2Fwp%2Fv2%2Fproduct_tag&post=5388"}],"curies":[{"name":"wp","href":"https:\/\/api.w.org\/{rel}","templated":true}]}}